{"id":2692,"date":"2017-10-14T08:44:49","date_gmt":"2017-10-14T08:44:49","guid":{"rendered":"https:\/\/www.iframe-system.com\/about-us\/"},"modified":"2019-06-21T14:26:49","modified_gmt":"2019-06-21T12:26:49","slug":"ueber-uns","status":"publish","type":"page","link":"https:\/\/www.iframe-system.com\/de\/ueber-uns\/","title":{"rendered":"\u00dcber uns"},"content":{"rendered":"<\/div><\/div><\/div><!-- close content main div --><\/div><\/div><div id='hero-section' class='avia-section main_color avia-section-default avia-no-shadow avia-bg-style-scroll    container_wrap fullsize'   ><div class='container' ><div class='template-page content  av-content-full alpha units'><div class='post-entry post-entry-type-page post-entry-2692'><div class='entry-content-wrapper clearfix'>\n<div class=\"flex_column av_one_full  flex_column_div av-zero-column-padding first  hero-image about-us \" style='background-image:url(https:\/\/www.iframe-system.com\/wp-content\/uploads\/2017\/10\/hero-image-front-iframe.jpg); background-position:center center; background-repeat:no-repeat; border-radius:0px; '><section class=\"av_textblock_section \"  itemscope=\"itemscope\" itemtype=\"https:\/\/schema.org\/CreativeWork\" ><div class='avia_textblock hero-title big '   itemprop=\"text\" ><h1>\u00dcber uns<\/h1>\n<\/div><\/section><\/div>\n\n<div style='height:50px' class='hr hr-invisible   '><span class='hr-inner ' ><span class='hr-inner-style'><\/span><\/span><\/div>\n<div class='flex_column_table av-equal-height-column-flextable -flextable' ><div class=\"flex_column av_one_half  flex_column_table_cell av-equal-height-column av-align-top av-zero-column-padding first  siv_padding_around \" style='border-radius:0px; '><section class=\"av_textblock_section \"  itemscope=\"itemscope\" itemtype=\"https:\/\/schema.org\/CreativeWork\" ><div class='avia_textblock odmik-besedila sivo-ozadje '   itemprop=\"text\" ><h3>27 Jahre Tradition<\/h3>\n<p>Unser Unternehmen ist in dem Fenster- und T\u00fcrengesch\u00e4ft \u00fcber 20 Jahre, das kontinuirlich durch unsere Qualit\u00e4t, Technologie und atraktives Design best\u00e4tigt wird<\/p>\n<p>Dieses hohe Serviceniveau halten wir mit st\u00e4ndiger Prozessoptimierung aufrecht und vereinen Erfahrung und Innovation auf die bestm\u00f6gliche Art und Weise.<\/p>\n<p>Unsere Ziele sind klar: die h\u00f6chste Produktqualit\u00e4t beibehalten und die maximalen Anforderungen an Design und Innovation erf\u00fcllen. Das Ergebnis sind hochqualitative Produkte, die die Marke iFRAME auf dem Fenster- und T\u00fcrenmarkt hoch platziert haben.<\/p>\n<\/div><\/section><\/div><\/div><!--close column table wrapper. Autoclose: 1 -->\n<div class='flex_column_table av-equal-height-column-flextable -flextable' ><div class='av-flex-placeholder'><\/div><div class=\"flex_column av_one_half  av-hide-on-mobile  flex_column_table_cell av-equal-height-column av-align-top av-zero-column-padding    \" style='background-image:url(https:\/\/www.iframe-system.com\/wp-content\/uploads\/2017\/10\/living-room-iframe.jpg); background-position:top left; background-repeat:no-repeat; border-radius:0px; '><\/div><\/div><!--close column table wrapper. Autoclose: 1 -->\n<div style='height:115px' class='hr hr-invisible   '><span class='hr-inner ' ><span class='hr-inner-style'><\/span><\/span><\/div>\n<div class=\"flex_column av_one_full  flex_column_div first   \" style='padding:0 0px 105px 0px ; border-radius:0px; '><section class=\"av_textblock_section \"  itemscope=\"itemscope\" itemtype=\"https:\/\/schema.org\/CreativeWork\" ><div class='avia_textblock default-margin '   itemprop=\"text\" ><div class=\"iframe-motto\"><p class=\"motto-text\">Das Erleben der Umgebung in ihrer Sch\u00f6nheit &#8211; das ist iFRAME.<\/p><\/div>\n<\/div><\/section><\/div>\n<div class=\"flex_column av_one_full  flex_column_div av-zero-column-padding first  \" style='border-radius:0px; '><section class=\"av_textblock_section \"  itemscope=\"itemscope\" itemtype=\"https:\/\/schema.org\/CreativeWork\" ><div class='avia_textblock  '   itemprop=\"text\" ><div class=\"company-advantages\"><h3 class=\"advantages-title\">Vorteile, die f\u00fcr sich sprechen<\/h3><div class=\"advantages-container\"><div class=\"first-column one_half\" style=\"background-image: url(\/wp-content\/uploads\/2017\/10\/advantages-iframe.png);\"><\/div><div class=\"second-column one_half\"><div class=\"one_half no-margin\"><div class=\"advantage\"><img class=\"adv-icon\" src=\"https:\/\/www.iframe-system.com\/wp-content\/uploads\/2017\/10\/prompt-response.png\"><p class=\"bold adv-title\">Rasche Antwort<\/p><p>Unsere rasche Antwort auf Ihre Anfragen.<\/p><\/div><\/div><div class=\"one_half no-margin\"><div class=\"advantage\"><img class=\"adv-icon\" src=\"https:\/\/www.iframe-system.com\/wp-content\/uploads\/2017\/10\/technical-documentation.png\"><p class=\"bold adv-title\">Technische Unterlagen<\/p><p>Unser technisches Team erstellt gerne alle technischen Unterlagen und ACAD-Zeichnungen.<\/p><\/div><\/div><div class=\"one_half no-margin\"><div class=\"advantage\"><img class=\"adv-icon\" src=\"https:\/\/www.iframe-system.com\/wp-content\/uploads\/2017\/10\/team-of-experts.png\"><p class=\"bold adv-title\">Das Expertenteam<\/p><p>Unser Expertenteam wird Sie gerne bei der Auswahl beraten und unterst\u00fctzen.<\/p><\/div><\/div><div class=\"one_half no-margin\"><div class=\"advantage\"><img class=\"adv-icon\" src=\"https:\/\/www.iframe-system.com\/wp-content\/uploads\/2017\/10\/years-of-experience.png\"><p class=\"bold adv-title\">Langj\u00e4hrige Erfahrung<\/p><p>Unsere Fenster und T\u00fcren werden von Montageteams mit mehrj\u00e4hriger Erfahrung montiert.<\/p><\/div><\/div><\/div><\/div><\/div>\n<\/div><\/section><\/div>\n<\/div><\/div><\/div><!-- close content main div --><\/div><\/div><div id='customer-testimonials' class='avia-section main_color avia-section-default avia-no-shadow avia-bg-style-scroll    container_wrap fullsize'   ><div class='container' ><div class='template-page content  av-content-full alpha units'><div class='post-entry post-entry-type-page post-entry-2692'><div class='entry-content-wrapper clearfix'>\n<section class=\"av_textblock_section \"  itemscope=\"itemscope\" itemtype=\"https:\/\/schema.org\/CreativeWork\" ><div class='avia_textblock  '   itemprop=\"text\" ><div class=\"customer-testimonials\"><h3>Die Meinungen userer Kunden<\/h3><div class=\"testimonial-wrap\"><div class=\"testimonial\"><div class=\"customer-text\"><p class=\"bold\">Fritz Waclawek<\/p><p>iFRAME team made valuable contributions to the project in Austria through cooperative and efficient cooperation in planning and assembly, across national borders. The peculiarity of the request for plaster flush version of the facade has been met, the slim profiles match the creative economy of old buildings. Technical and safety requirements are optimally met, even that the high iFRAME doors are smooth and lockable.<\/p><\/div><\/div><div class=\"testimonial\"><img class=\"customer-image\" src=\"https:\/\/www.iframe-system.com\/wp-content\/uploads\/2017\/10\/Architects-in-charge-Marion-Kuzmany-and-Michael-Lisner.png\"><div class=\"customer-text\"><p class=\"bold\">Marion Kuzmany<\/p><p>We chose I Frame for our project Villa Golden Eye in the South of France because of \r\nthe attractive price and we appreciated the good cooperation of Simer company during the design process and on site.<\/p><\/div><\/div><div class=\"testimonial\"><div class=\"customer-text\"><p class=\"bold\">Fritz Waclawek<\/p><p>iFRAME team made valuable contributions to the project in Luxembourg. The spatially demanding execution planning was done perfectly on the basis of natural materials. By cooperative and efficient cooperation in planning and installation of iFRAME frameless sliding doors, the rapid and timely development has been made possible under time pressure. <\/p><\/div><\/div><\/div><\/div>\n<\/div><\/section>\n\n<\/div><\/div><\/div><!-- close content main div --><\/div><\/div><div id='cta-config' class='avia-section main_color avia-section-default avia-no-shadow avia-bg-style-scroll    container_wrap fullsize'   ><div class='container' ><div class='template-page content  av-content-full alpha units'><div class='post-entry post-entry-type-page post-entry-2692'><div class='entry-content-wrapper clearfix'>\n<div class=\"flex_column av_one_full  flex_column_div first   \" style='background-image:url(https:\/\/www.iframe-system.com\/wp-content\/uploads\/2017\/10\/iframe-motto.jpg); background-position:center center; background-repeat:no-repeat; padding:40px 0px 30px 0px ; border-radius:0px; '><section class=\"av_textblock_section \"  itemscope=\"itemscope\" itemtype=\"https:\/\/schema.org\/CreativeWork\" ><div class='avia_textblock  '   itemprop=\"text\" ><h3 style=\"text-align: center;\">Haben Sie Schwierigkeiten bei der auswahl Ihrer Verglasung?<\/h3>\n<p style=\"text-align: center;\">Z\u00f6gern Sie nicht. Kontaktieren Sie uns und unser Team ber\u00e4t und unterst\u00fctzt Sie bei Ihrer Auswahl.<\/p>\n<div class='avia-button-wrap avia-button-center  wide'><a href='https:\/\/www.iframe-system.com\/de\/kontakt\/' class='avia-button   avia-icon_select-no avia-color-theme-color avia-size-large avia-position-center '   ><span class='avia_iconbox_title' >KONTAKTIEREN SIE UNS<\/span><\/a><\/div>\n<\/div><\/section><\/div>\n","protected":false},"excerpt":{"rendered":"","protected":false},"author":2,"featured_media":0,"parent":0,"menu_order":0,"comment_status":"closed","ping_status":"closed","template":"","meta":[],"yoast_head":"<!-- This site is optimized with the Yoast SEO plugin v15.2.1 - https:\/\/yoast.com\/wordpress\/plugins\/seo\/ -->\n<title>\u00dcber uns - iFrame<\/title>\n<meta name=\"robots\" content=\"index, follow, max-snippet:-1, max-image-preview:large, max-video-preview:-1\" \/>\n<link rel=\"canonical\" href=\"https:\/\/www.iframe-system.com\/de\/ueber-uns\/\" \/>\n<meta property=\"og:locale\" content=\"de_DE\" \/>\n<meta property=\"og:type\" content=\"article\" \/>\n<meta property=\"og:title\" content=\"\u00dcber uns - iFrame\" \/>\n<meta property=\"og:url\" content=\"https:\/\/www.iframe-system.com\/de\/ueber-uns\/\" \/>\n<meta property=\"og:site_name\" content=\"iFrame\" \/>\n<meta property=\"article:modified_time\" content=\"2019-06-21T12:26:49+00:00\" \/>\n<meta name=\"twitter:card\" content=\"summary\" \/>\n<meta name=\"twitter:label1\" content=\"Written by\">\n\t<meta name=\"twitter:data1\" content=\"Anze\">\n\t<meta name=\"twitter:label2\" content=\"Est. reading time\">\n\t<meta name=\"twitter:data2\" content=\"4\u00a0Minuten\">\n<script type=\"application\/ld+json\" class=\"yoast-schema-graph\">{\"@context\":\"https:\/\/schema.org\",\"@graph\":[{\"@type\":\"WebSite\",\"@id\":\"https:\/\/www.iframe-system.com\/#website\",\"url\":\"https:\/\/www.iframe-system.com\/\",\"name\":\"iFrame\",\"description\":\"Frameless Doors and Windows\",\"potentialAction\":[{\"@type\":\"SearchAction\",\"target\":\"https:\/\/www.iframe-system.com\/?s={search_term_string}\",\"query-input\":\"required name=search_term_string\"}],\"inLanguage\":\"de\"},{\"@type\":\"WebPage\",\"@id\":\"https:\/\/www.iframe-system.com\/de\/ueber-uns\/#webpage\",\"url\":\"https:\/\/www.iframe-system.com\/de\/ueber-uns\/\",\"name\":\"\\u00dcber uns - iFrame\",\"isPartOf\":{\"@id\":\"https:\/\/www.iframe-system.com\/#website\"},\"datePublished\":\"2017-10-14T08:44:49+00:00\",\"dateModified\":\"2019-06-21T12:26:49+00:00\",\"inLanguage\":\"de\",\"potentialAction\":[{\"@type\":\"ReadAction\",\"target\":[\"https:\/\/www.iframe-system.com\/de\/ueber-uns\/\"]}]}]}<\/script>\n<!-- \/ Yoast SEO plugin. -->","_links":{"self":[{"href":"https:\/\/www.iframe-system.com\/de\/wp-json\/wp\/v2\/pages\/2692\/"}],"collection":[{"href":"https:\/\/www.iframe-system.com\/de\/wp-json\/wp\/v2\/pages\/"}],"about":[{"href":"https:\/\/www.iframe-system.com\/de\/wp-json\/wp\/v2\/types\/page\/"}],"author":[{"embeddable":true,"href":"https:\/\/www.iframe-system.com\/de\/wp-json\/wp\/v2\/users\/2\/"}],"replies":[{"embeddable":true,"href":"https:\/\/www.iframe-system.com\/de\/wp-json\/wp\/v2\/comments\/?post=2692"}],"version-history":[{"count":8,"href":"https:\/\/www.iframe-system.com\/de\/wp-json\/wp\/v2\/pages\/2692\/revisions\/"}],"predecessor-version":[{"id":2878,"href":"https:\/\/www.iframe-system.com\/de\/wp-json\/wp\/v2\/pages\/2692\/revisions\/2878\/"}],"wp:attachment":[{"href":"https:\/\/www.iframe-system.com\/de\/wp-json\/wp\/v2\/media\/?parent=2692"}],"curies":[{"name":"wp","href":"https:\/\/api.w.org\/{rel}","templated":true}]}}