{"id":2607,"date":"2019-05-27T15:19:52","date_gmt":"2019-05-27T13:19:52","guid":{"rendered":"https:\/\/www.iframe-system.com\/?page_id=2607"},"modified":"2019-06-21T14:28:41","modified_gmt":"2019-06-21T12:28:41","slug":"projekte-2","status":"publish","type":"page","link":"https:\/\/www.iframe-system.com\/de\/projekte-2\/","title":{"rendered":"Projekte"},"content":{"rendered":"<\/div><\/div><\/div><!-- close content main div --><\/div><\/div><div id='hero-section' class='avia-section main_color avia-section-no-padding avia-no-border-styling avia-bg-style-scroll    container_wrap fullsize'   ><div class='container' ><div class='template-page content  av-content-full alpha units'><div class='post-entry post-entry-type-page post-entry-2607'><div class='entry-content-wrapper clearfix'>\n<div class=\"flex_column av_one_full  flex_column_div av-zero-column-padding first  hero-image \" style='background-image:url(https:\/\/www.iframe-system.com\/wp-content\/uploads\/2017\/10\/iframe-projects-hero-image.jpg); background-position:center center; background-repeat:no-repeat; border-radius:0px; '><section class=\"av_textblock_section \"  itemscope=\"itemscope\" itemtype=\"https:\/\/schema.org\/CreativeWork\" ><div class='avia_textblock hero-title no-link '   itemprop=\"text\" ><h1>Projekte<\/h1>\n<\/div><\/section><\/div>\n\n<div class=\"flex_column av_two_third  av-break-at-tablet flex_column_div av-zero-column-padding first  page-subtitle \" style='margin-top:0px; margin-bottom:0px; border-radius:0px; '><section class=\"av_textblock_section \"  itemscope=\"itemscope\" itemtype=\"https:\/\/schema.org\/CreativeWork\" ><div class='avia_textblock odmik-besedila '   itemprop=\"text\" ><h3>iFRAME rahmenlose Schiebet\u00fcren in Ihrem Heim<\/h3>\n<p>Elegante Schiebet\u00fcren erm\u00f6glichen Ihnen die Umgebung in Ihrer Sch\u00f6nheit zu erleben und lassen Ihr Traumhaus Wirklichkeit werden. Perfekte Kombination aus Design und Technologie schafft gute Stimmung und unbegrenzte Aussichten in Ihrem Heim. Unsere Refenzen belegen die Qualit\u00e4t, Zuverl\u00e4ssigkeit und Langlebigkeit unserer Produkte.<\/p>\n<\/div><\/section><\/div><div style='height:100px' class='hr hr-invisible  av-small-hide av-mini-hide  '><span class='hr-inner ' ><span class='hr-inner-style'><\/span><\/span><\/div><\/p>\n","protected":false},"excerpt":{"rendered":"","protected":false},"author":7,"featured_media":0,"parent":0,"menu_order":0,"comment_status":"closed","ping_status":"closed","template":"template-projects.php","meta":[],"yoast_head":"<!-- This site is optimized with the Yoast SEO plugin v15.2.1 - https:\/\/yoast.com\/wordpress\/plugins\/seo\/ -->\n<title>Projekte - iFrame<\/title>\n<meta name=\"robots\" content=\"index, follow, max-snippet:-1, max-image-preview:large, max-video-preview:-1\" \/>\n<link rel=\"canonical\" href=\"https:\/\/www.iframe-system.com\/de\/projekte-2\/\" \/>\n<meta property=\"og:locale\" content=\"de_DE\" \/>\n<meta property=\"og:type\" content=\"article\" \/>\n<meta property=\"og:title\" content=\"Projekte - iFrame\" \/>\n<meta property=\"og:url\" content=\"https:\/\/www.iframe-system.com\/de\/projekte-2\/\" \/>\n<meta property=\"og:site_name\" content=\"iFrame\" \/>\n<meta property=\"article:modified_time\" content=\"2019-06-21T12:28:41+00:00\" \/>\n<meta name=\"twitter:card\" content=\"summary\" \/>\n<meta name=\"twitter:label1\" content=\"Written by\">\n\t<meta name=\"twitter:data1\" content=\"Andrej\">\n\t<meta name=\"twitter:label2\" content=\"Est. reading time\">\n\t<meta name=\"twitter:data2\" content=\"2\u00a0Minuten\">\n<script type=\"application\/ld+json\" class=\"yoast-schema-graph\">{\"@context\":\"https:\/\/schema.org\",\"@graph\":[{\"@type\":\"WebSite\",\"@id\":\"https:\/\/www.iframe-system.com\/#website\",\"url\":\"https:\/\/www.iframe-system.com\/\",\"name\":\"iFrame\",\"description\":\"Frameless Doors and Windows\",\"potentialAction\":[{\"@type\":\"SearchAction\",\"target\":\"https:\/\/www.iframe-system.com\/?s={search_term_string}\",\"query-input\":\"required name=search_term_string\"}],\"inLanguage\":\"de\"},{\"@type\":\"WebPage\",\"@id\":\"https:\/\/www.iframe-system.com\/de\/projekte-2\/#webpage\",\"url\":\"https:\/\/www.iframe-system.com\/de\/projekte-2\/\",\"name\":\"Projekte - iFrame\",\"isPartOf\":{\"@id\":\"https:\/\/www.iframe-system.com\/#website\"},\"datePublished\":\"2019-05-27T13:19:52+00:00\",\"dateModified\":\"2019-06-21T12:28:41+00:00\",\"inLanguage\":\"de\",\"potentialAction\":[{\"@type\":\"ReadAction\",\"target\":[\"https:\/\/www.iframe-system.com\/de\/projekte-2\/\"]}]}]}<\/script>\n<!-- \/ Yoast SEO plugin. -->","_links":{"self":[{"href":"https:\/\/www.iframe-system.com\/de\/wp-json\/wp\/v2\/pages\/2607\/"}],"collection":[{"href":"https:\/\/www.iframe-system.com\/de\/wp-json\/wp\/v2\/pages\/"}],"about":[{"href":"https:\/\/www.iframe-system.com\/de\/wp-json\/wp\/v2\/types\/page\/"}],"author":[{"embeddable":true,"href":"https:\/\/www.iframe-system.com\/de\/wp-json\/wp\/v2\/users\/7\/"}],"replies":[{"embeddable":true,"href":"https:\/\/www.iframe-system.com\/de\/wp-json\/wp\/v2\/comments\/?post=2607"}],"version-history":[{"count":4,"href":"https:\/\/www.iframe-system.com\/de\/wp-json\/wp\/v2\/pages\/2607\/revisions\/"}],"predecessor-version":[{"id":2881,"href":"https:\/\/www.iframe-system.com\/de\/wp-json\/wp\/v2\/pages\/2607\/revisions\/2881\/"}],"wp:attachment":[{"href":"https:\/\/www.iframe-system.com\/de\/wp-json\/wp\/v2\/media\/?parent=2607"}],"curies":[{"name":"wp","href":"https:\/\/api.w.org\/{rel}","templated":true}]}}