{"id":2414,"date":"2019-05-22T09:34:21","date_gmt":"2019-05-22T07:34:21","guid":{"rendered":"https:\/\/www.iframe-system.com\/?page_id=2414"},"modified":"2019-07-15T08:22:55","modified_gmt":"2019-07-15T06:22:55","slug":"konfigurationen","status":"publish","type":"page","link":"https:\/\/www.iframe-system.com\/de\/produkte\/konfigurationen\/","title":{"rendered":"Konfigurationen"},"content":{"rendered":"<\/div><\/div><\/div><!-- close content main div --><\/div><\/div><div id='hero-section' class='avia-section main_color avia-section-no-padding avia-no-border-styling avia-bg-style-scroll    container_wrap fullsize'   ><div class='container' ><div class='template-page content  av-content-full alpha units'><div class='post-entry post-entry-type-page post-entry-2414'><div class='entry-content-wrapper clearfix'>\n<div class=\"flex_column av_one_full  flex_column_div av-zero-column-padding first  hero-image \" style='background-image:url(https:\/\/www.iframe-system.com\/wp-content\/uploads\/2017\/10\/iFRAME-ankaran-project.jpg); background-position:top left; background-repeat:no-repeat; border-radius:0px; '><section class=\"av_textblock_section \"  itemscope=\"itemscope\" itemtype=\"https:\/\/schema.org\/CreativeWork\" ><div class='avia_textblock hero-title '   itemprop=\"text\" ><h1>Rahmenlose Verglasungs- konfigurationen<\/h1>\n<\/div><\/section><\/div>\n\n<\/div><\/div><\/div><!-- close content main div --><\/div><\/div><div id='configurations' class='avia-section main_color avia-section-default avia-no-shadow avia-bg-style-scroll    container_wrap fullsize'   ><div class='container' ><div class='template-page content  av-content-full alpha units'><div class='post-entry post-entry-type-page post-entry-2414'><div class='entry-content-wrapper clearfix'>\n<div class=\"flex_column av_three_fifth  av-break-at-tablet flex_column_div av-zero-column-padding first  page-subtitle \" style='border-radius:0px; '><section class=\"av_textblock_section \"  itemscope=\"itemscope\" itemtype=\"https:\/\/schema.org\/CreativeWork\" ><div class='avia_textblock odmik-besedila '   itemprop=\"text\" ><h3>Rahmenlose Verglasungsm\u00f6glichkeiten<\/h3>\n<p><em>Die Vielseitigkeit der IFRAME-Glasschiebet\u00fcren und -fenster vereint auf perfekte Weise hervorragende Wetterleistung, Energieeinsparungen und gro\u00dfe, bewegliche Glasw\u00e4nde, die vom Boden bis zur Decke reichen. Die iFRAME-Schiebet\u00fcren sind in 3 Produktlinien erh\u00e4ltlich. Je nach M\u00f6glichkeit k\u00f6nnen Sie zwischen Einfach-, Doppel- oder Dreifachverglasung w\u00e4hlen. F\u00fcr alle Systeme gelten die gleichen technischen und \u00e4sthetischen Anforderungen.<\/em><\/p>\n<\/div><\/section><\/div><div class=\"flex_column av_one_full  flex_column_div av-zero-column-padding first  product_nav_absolute desktop \" style='border-radius:0px; '><section class=\"av_textblock_section \"  itemscope=\"itemscope\" itemtype=\"https:\/\/schema.org\/CreativeWork\" ><div class='avia_textblock  '   itemprop=\"text\" ><p><a href=\"https:\/\/www.iframe-system.com\/de\/frameless-doors-and-windows\/technology\/\">Technologie\u00a0<img loading=\"lazy\" class=\"alignnone size-full wp-image-1032\" src=\"https:\/\/www.iframe-system.com\/wp-content\/uploads\/2017\/12\/arrow_right.png\" alt=\"\" width=\"8\" height=\"13\" \/><\/a> <a href=\"https:\/\/www.iframe-system.com\/de\/frameless-doors-and-windows\/additional\/\">Zusatz\u00a0<img loading=\"lazy\" class=\"alignnone size-full wp-image-1032\" src=\"https:\/\/www.iframe-system.com\/wp-content\/uploads\/2017\/12\/arrow_right.png\" alt=\"\" width=\"8\" height=\"13\" \/><\/a><\/p>\n<\/div><\/section><\/div>\n\n<\/div><\/div><\/div><!-- close content main div --><\/div><\/div><div id='simple' class='avia-section main_color avia-section-default avia-no-shadow avia-bg-style-scroll  ah_configuration  container_wrap fullsize'   ><div class='container' ><div class='template-page content  av-content-full alpha units'><div class='post-entry post-entry-type-page post-entry-2414'><div class='entry-content-wrapper clearfix'>\n<div class='flex_column_table av-equal-height-column-flextable -flextable' ><div class=\"flex_column av_one_half  flex_column_table_cell av-equal-height-column av-align-middle av-zero-column-padding first  pull-up \" style='border-radius:0px; '><section class=\"av_textblock_section \"  itemscope=\"itemscope\" itemtype=\"https:\/\/schema.org\/CreativeWork\" ><div class='avia_textblock configurations-text first '   itemprop=\"text\" ><h3>Einfach<\/h3>\n<p><strong>Maximaler Bereich<\/strong>: 6 m2<br \/>\n<strong>Maximale H\u00f6he<\/strong>: 3,00 m<br \/>\n<strong>Maximales Gewicht\/Fl\u00fcgel<\/strong>: 320 kg<br \/>\n<strong>Verglasung<\/strong>: 10, 12, 16 mm<\/p>\n<div class='avia-button-wrap avia-button-left  '><a href='\/de\/kontakt' class='avia-button   avia-icon_select-no avia-color-theme-color avia-size-medium avia-position-left '   ><span class='avia_iconbox_title' >ANGEBOT ANFORDERN<\/span><\/a><\/div>\n<p><a href=\"https:\/\/www.iframe-system.com\/de\/fuer-architekten\/\">Endecke die technichen Zeichnungen <span class=\"av_font_icon avia_animate_when_visible  av-icon-style-  av-no-color avia-icon-pos-right \" style=\"\"><span class='av-icon-char' style='font-size:20px;line-height:20px;' aria-hidden='true' data-av_icon='\ue879' data-av_iconfont='entypo-fontello' ><\/span><\/span><\/a><\/p>\n<\/div><\/section><\/div><\/div><!--close column table wrapper. Autoclose: 1 --><div class='flex_column_table av-equal-height-column-flextable -flextable' ><div class='av-flex-placeholder'><\/div><div class=\"flex_column av_one_half  flex_column_table_cell av-equal-height-column av-align-middle av-zero-column-padding   min-height pull-up \" style='background-image:url(https:\/\/www.iframe-system.com\/wp-content\/uploads\/2018\/02\/simple-1.jpg); background-position:top left; background-repeat:no-repeat; border-radius:0px; '><\/div><\/div><!--close column table wrapper. Autoclose: 1 --><\/div><\/div><\/div><!-- close content main div --><\/div><\/div><div id='double' class='avia-section main_color avia-section-default avia-no-shadow avia-bg-style-scroll  ah_configuration  container_wrap fullsize'   ><div class='container' ><div class='template-page content  av-content-full alpha units'><div class='post-entry post-entry-type-page post-entry-2414'><div class='entry-content-wrapper clearfix'>\n<div class='flex_column_table av-equal-height-column-flextable -flextable' ><div class=\"flex_column av_one_half  av-hide-on-mobile  flex_column_table_cell av-equal-height-column av-align-middle av-zero-column-padding first  pull-up min-height ah_hide_mobile \" style='background-image:url(https:\/\/www.iframe-system.com\/wp-content\/uploads\/2018\/02\/double-1.jpg); background-position:center center; background-repeat:no-repeat; border-radius:0px; '><\/div><\/div><!--close column table wrapper. Autoclose: 1 --><div class='flex_column_table av-equal-height-column-flextable -flextable' ><div class='av-flex-placeholder'><\/div><div class=\"flex_column av_one_half  flex_column_table_cell av-equal-height-column av-align-middle av-zero-column-padding   pull-up \" style='border-radius:0px; '><section class=\"av_textblock_section \"  itemscope=\"itemscope\" itemtype=\"https:\/\/schema.org\/CreativeWork\" ><div class='avia_textblock configurations-text '   itemprop=\"text\" ><h3>Doppel<\/h3>\n<p><strong>Maximaler Bereich: <\/strong>8 m2<strong><br \/>\nMaximale H\u00f6he: <\/strong>3,50 m<strong><br \/>\nMaximales Gewicht\/Fl\u00fcgel: <\/strong>500 kg<strong><br \/>\nVerglasung: <\/strong>32 mm<\/p>\n<div class='avia-button-wrap avia-button-left  '><a href='\/de\/kontakt' class='avia-button   avia-icon_select-no avia-color-theme-color avia-size-medium avia-position-left '   ><span class='avia_iconbox_title' >ANGEBOT ANFORDERN<\/span><\/a><\/div>\n<p><a href=\"https:\/\/www.iframe-system.com\/de\/fuer-architekten\/\">Endecke die technischen Zeichnungen <span class=\"av_font_icon avia_animate_when_visible  av-icon-style-  av-no-color avia-icon-pos-right \" style=\"\"><span class='av-icon-char' style='font-size:20px;line-height:20px;' aria-hidden='true' data-av_icon='\ue879' data-av_iconfont='entypo-fontello' ><\/span><\/span><\/a><\/p>\n<\/div><\/section><\/div><\/div><!--close column table wrapper. Autoclose: 1 --><div class='flex_column_table av-equal-height-column-flextable -flextable' ><div class=\"flex_column av_one_half  flex_column_table_cell av-equal-height-column av-align-middle av-zero-column-padding first  pull-up min-height ah_show_mobile \" style='background-image:url(https:\/\/www.iframe-system.com\/wp-content\/uploads\/2017\/10\/iFRAME-malaga-project.jpg); background-position:center center; background-repeat:no-repeat; border-radius:0px; '><\/div><\/div><!--close column table wrapper. Autoclose: 1 --><\/div><\/div><\/div><!-- close content main div --><\/div><\/div><div id='triple' class='avia-section main_color avia-section-default avia-no-shadow avia-bg-style-scroll  ah_configuration  container_wrap fullsize'   ><div class='container' ><div class='template-page content  av-content-full alpha units'><div class='post-entry post-entry-type-page post-entry-2414'><div class='entry-content-wrapper clearfix'>\n<div class='flex_column_table av-equal-height-column-flextable -flextable' ><div class=\"flex_column av_one_half  flex_column_table_cell av-equal-height-column av-align-middle av-zero-column-padding first  pull-up \" style='border-radius:0px; '><section class=\"av_textblock_section \"  itemscope=\"itemscope\" itemtype=\"https:\/\/schema.org\/CreativeWork\" ><div class='avia_textblock configurations-text '   itemprop=\"text\" ><h3>Dreifach<\/h3>\n<p><strong>Maximaler Bereich: <\/strong>14 m2<strong><br \/>\nMaximale H\u00f6he: <\/strong>4,2 m<strong><br \/>\nMaximales Gewicht\/Fl\u00fcgel: <\/strong>1000 kg<strong><br \/>\nVerglasung: <\/strong>56 mm<\/p>\n<div class='avia-button-wrap avia-button-left  '><a href='\/de\/kontakt' class='avia-button   avia-icon_select-no avia-color-theme-color avia-size-medium avia-position-left '   ><span class='avia_iconbox_title' >ANGEBOT ANFORDERN<\/span><\/a><\/div>\n<p><a href=\"https:\/\/www.iframe-system.com\/de\/fuer-architekten\/\">Endecke die technischen Zeichnungen <span class=\"av_font_icon avia_animate_when_visible  av-icon-style-  av-no-color avia-icon-pos-right \" style=\"\"><span class='av-icon-char' style='font-size:20px;line-height:20px;' aria-hidden='true' data-av_icon='\ue879' data-av_iconfont='entypo-fontello' ><\/span><\/span><\/a><\/p>\n<\/div><\/section><\/div><\/div><!--close column table wrapper. Autoclose: 1 --><div class='flex_column_table av-equal-height-column-flextable -flextable' ><div class='av-flex-placeholder'><\/div><div class=\"flex_column av_one_half  flex_column_table_cell av-equal-height-column av-align-middle av-zero-column-padding   pull-up min-height \" style='background-image:url(https:\/\/www.iframe-system.com\/wp-content\/uploads\/2018\/02\/triple-1.jpg); background-position:center center; background-repeat:no-repeat; border-radius:0px; '><\/div><\/div><!--close column table wrapper. Autoclose: 1 --><\/div><\/div><\/div><!-- close content main div --><\/div><\/div><div id='cta-config' class='avia-section main_color avia-section-default avia-no-shadow avia-bg-style-scroll    container_wrap fullsize'   ><div class='container' ><div class='template-page content  av-content-full alpha units'><div class='post-entry post-entry-type-page post-entry-2414'><div class='entry-content-wrapper clearfix'>\n<div class=\"flex_column av_one_full  flex_column_div first   \" style='background-image:url(https:\/\/www.iframe-system.com\/wp-content\/uploads\/2017\/10\/iframe-motto.jpg); background-position:center center; background-repeat:no-repeat; padding:40px 0px 30px 0px ; border-radius:0px; '><section class=\"av_textblock_section \"  itemscope=\"itemscope\" itemtype=\"https:\/\/schema.org\/CreativeWork\" ><div class='avia_textblock  '   itemprop=\"text\" ><h3 style=\"text-align: center;\"><strong>Haben Sie Schwierigkeiten bei der Verglasungswahl?<\/strong><\/h3>\n<p style=\"text-align: center;\">Z\u00f6gern Sie nicht. Kontaktieren Sie uns und unser Team wird Ihnen bei der Wahl mit Rat und Unterst\u00fctzung zur Seite stehen.<\/p>\n<div class='avia-button-wrap avia-button-center  wide'><a href='\/de\/kontakt' class='avia-button   avia-icon_select-no avia-color-theme-color avia-size-large avia-position-center '   ><span class='avia_iconbox_title' >KONTAKTIEREN SIE UNS<\/span><\/a><\/div>\n<\/div><\/section><\/div><\/div><\/div><\/div><!-- close content main div --><\/div><\/div><div id='av_section_7' class='avia-section main_color avia-section-default avia-no-shadow avia-bg-style-scroll  ah_product_links  container_wrap fullsize'   ><div class='container' ><div class='template-page content  av-content-full alpha units'><div class='post-entry post-entry-type-page post-entry-2414'><div class='entry-content-wrapper clearfix'>\n<div class=\"flex_column av_one_full  flex_column_div av-zero-column-padding first  product_nav_absolute mobile \" style='border-radius:0px; '><section class=\"av_textblock_section \"  itemscope=\"itemscope\" itemtype=\"https:\/\/schema.org\/CreativeWork\" ><div class='avia_textblock  '   itemprop=\"text\" ><p><a href=\"https:\/\/www.iframe-system.com\/frameless-doors-and-windows\/technology\/\">Technologie\u00a0<img loading=\"lazy\" class=\"alignnone size-full wp-image-1032\" src=\"https:\/\/www.iframe-system.com\/wp-content\/uploads\/2017\/12\/arrow_right.png\" alt=\"\" width=\"8\" height=\"13\" \/><\/a> <a href=\"https:\/\/www.iframe-system.com\/frameless-doors-and-windows\/additional\/\">Zusatz\u00a0<img loading=\"lazy\" class=\"alignnone size-full wp-image-1032\" src=\"https:\/\/www.iframe-system.com\/wp-content\/uploads\/2017\/12\/arrow_right.png\" alt=\"\" width=\"8\" height=\"13\" \/><\/a><\/p>\n<\/div><\/section><\/div>\n<\/p>\n","protected":false},"excerpt":{"rendered":"","protected":false},"author":7,"featured_media":0,"parent":2406,"menu_order":0,"comment_status":"closed","ping_status":"closed","template":"","meta":[],"yoast_head":"<!-- This site is optimized with the Yoast SEO plugin v15.2.1 - https:\/\/yoast.com\/wordpress\/plugins\/seo\/ -->\n<title>Konfigurationen - iFrame<\/title>\n<meta name=\"robots\" content=\"index, follow, max-snippet:-1, max-image-preview:large, max-video-preview:-1\" \/>\n<link rel=\"canonical\" href=\"https:\/\/www.iframe-system.com\/de\/produkte\/konfigurationen\/\" \/>\n<meta property=\"og:locale\" content=\"de_DE\" \/>\n<meta property=\"og:type\" content=\"article\" \/>\n<meta property=\"og:title\" content=\"Konfigurationen - iFrame\" \/>\n<meta property=\"og:url\" content=\"https:\/\/www.iframe-system.com\/de\/produkte\/konfigurationen\/\" \/>\n<meta property=\"og:site_name\" content=\"iFrame\" \/>\n<meta property=\"article:modified_time\" content=\"2019-07-15T06:22:55+00:00\" \/>\n<meta property=\"og:image\" content=\"https:\/\/www.iframe-system.com\/wp-content\/uploads\/2017\/12\/arrow_right.png\" \/>\n<meta name=\"twitter:card\" content=\"summary\" \/>\n<meta name=\"twitter:label1\" content=\"Written by\">\n\t<meta name=\"twitter:data1\" content=\"Andrej\">\n\t<meta name=\"twitter:label2\" content=\"Est. reading time\">\n\t<meta name=\"twitter:data2\" content=\"8\u00a0Minuten\">\n<script type=\"application\/ld+json\" class=\"yoast-schema-graph\">{\"@context\":\"https:\/\/schema.org\",\"@graph\":[{\"@type\":\"WebSite\",\"@id\":\"https:\/\/www.iframe-system.com\/#website\",\"url\":\"https:\/\/www.iframe-system.com\/\",\"name\":\"iFrame\",\"description\":\"Frameless Doors and Windows\",\"potentialAction\":[{\"@type\":\"SearchAction\",\"target\":\"https:\/\/www.iframe-system.com\/?s={search_term_string}\",\"query-input\":\"required name=search_term_string\"}],\"inLanguage\":\"de\"},{\"@type\":\"ImageObject\",\"@id\":\"https:\/\/www.iframe-system.com\/de\/produkte\/konfigurationen\/#primaryimage\",\"inLanguage\":\"de\",\"url\":\"https:\/\/www.iframe-system.com\/wp-content\/uploads\/2017\/12\/arrow_right.png\",\"width\":8,\"height\":13},{\"@type\":\"WebPage\",\"@id\":\"https:\/\/www.iframe-system.com\/de\/produkte\/konfigurationen\/#webpage\",\"url\":\"https:\/\/www.iframe-system.com\/de\/produkte\/konfigurationen\/\",\"name\":\"Konfigurationen - iFrame\",\"isPartOf\":{\"@id\":\"https:\/\/www.iframe-system.com\/#website\"},\"primaryImageOfPage\":{\"@id\":\"https:\/\/www.iframe-system.com\/de\/produkte\/konfigurationen\/#primaryimage\"},\"datePublished\":\"2019-05-22T07:34:21+00:00\",\"dateModified\":\"2019-07-15T06:22:55+00:00\",\"inLanguage\":\"de\",\"potentialAction\":[{\"@type\":\"ReadAction\",\"target\":[\"https:\/\/www.iframe-system.com\/de\/produkte\/konfigurationen\/\"]}]}]}<\/script>\n<!-- \/ Yoast SEO plugin. -->","_links":{"self":[{"href":"https:\/\/www.iframe-system.com\/de\/wp-json\/wp\/v2\/pages\/2414\/"}],"collection":[{"href":"https:\/\/www.iframe-system.com\/de\/wp-json\/wp\/v2\/pages\/"}],"about":[{"href":"https:\/\/www.iframe-system.com\/de\/wp-json\/wp\/v2\/types\/page\/"}],"author":[{"embeddable":true,"href":"https:\/\/www.iframe-system.com\/de\/wp-json\/wp\/v2\/users\/7\/"}],"replies":[{"embeddable":true,"href":"https:\/\/www.iframe-system.com\/de\/wp-json\/wp\/v2\/comments\/?post=2414"}],"version-history":[{"count":12,"href":"https:\/\/www.iframe-system.com\/de\/wp-json\/wp\/v2\/pages\/2414\/revisions\/"}],"predecessor-version":[{"id":3446,"href":"https:\/\/www.iframe-system.com\/de\/wp-json\/wp\/v2\/pages\/2414\/revisions\/3446\/"}],"up":[{"embeddable":true,"href":"https:\/\/www.iframe-system.com\/de\/wp-json\/wp\/v2\/pages\/2406\/"}],"wp:attachment":[{"href":"https:\/\/www.iframe-system.com\/de\/wp-json\/wp\/v2\/media\/?parent=2414"}],"curies":[{"name":"wp","href":"https:\/\/api.w.org\/{rel}","templated":true}]}}