{"id":2406,"date":"2019-05-21T11:40:12","date_gmt":"2019-05-21T09:40:12","guid":{"rendered":"https:\/\/www.iframe-system.com\/?page_id=2406"},"modified":"2019-06-21T14:48:29","modified_gmt":"2019-06-21T12:48:29","slug":"produkte","status":"publish","type":"page","link":"https:\/\/www.iframe-system.com\/de\/produkte\/","title":{"rendered":"Produkte"},"content":{"rendered":"<\/div><\/div><\/div><!-- close content main div --><\/div><\/div><div id='hero-section' class='avia-section main_color avia-section-default avia-no-shadow avia-bg-style-scroll    container_wrap fullsize'   ><div class='container' ><div class='template-page content  av-content-full alpha units'><div class='post-entry post-entry-type-page post-entry-2406'><div class='entry-content-wrapper clearfix'>\n<div class=\"flex_column av_one_full  flex_column_div av-zero-column-padding first  hero-image \" style='background-image:url(https:\/\/www.iframe-system.com\/wp-content\/uploads\/2017\/10\/iFRAME-ankaran-project.jpg); background-position:center center; background-repeat:no-repeat; border-radius:0px; '><section class=\"av_textblock_section \"  itemscope=\"itemscope\" itemtype=\"https:\/\/schema.org\/CreativeWork\" ><div class='avia_textblock hero-title '   itemprop=\"text\" ><h1>Rahmenlose Fenster und T\u00fcren<\/h1>\n<\/div><\/section><\/div>\n\n<\/div><\/div><\/div><!-- close content main div --><\/div><\/div><div id='limits-subtitle' class='avia-section main_color avia-section-no-padding avia-no-border-styling avia-bg-style-scroll    container_wrap fullsize'   ><div class='container' ><div class='template-page content  av-content-full alpha units'><div class='post-entry post-entry-type-page post-entry-2406'><div class='entry-content-wrapper clearfix'>\n<div class=\"flex_column av_three_fifth  av-break-at-tablet flex_column_div av-zero-column-padding first  page-subtitle \" style='border-radius:0px; '><section class=\"av_textblock_section \"  itemscope=\"itemscope\" itemtype=\"https:\/\/schema.org\/CreativeWork\" ><div class='avia_textblock sivo-ozadje odmik-besedila '   itemprop=\"text\" ><h3>Ultra gross, ultra dramatisch und ultra d\u00fcnn<\/h3>\n<p>iFRAME &#8211; <em>Das rahmenlose Schiebet\u00fcrsystem, das einen au\u00dfergew\u00f6hnlichen Wohntraum darstellt. Mit dem barrierefreien \u00dcbergang gibt iFRAME jedem Glashaus eine komplett neue Bedeutung. <\/em><\/p>\n<\/div><\/section><\/div>\n\n<\/div><\/div><\/div><!-- close content main div --><\/div><\/div><div id='endless-limits' class='avia-section main_color avia-section-default avia-no-shadow avia-bg-style-scroll    container_wrap fullsize'   ><div class='container' ><div class='template-page content  av-content-full alpha units'><div class='post-entry post-entry-type-page post-entry-2406'><div class='entry-content-wrapper clearfix'>\n<div class='flex_column_table av-equal-height-column-flextable -flextable' ><div class=\"flex_column av_one_half  flex_column_table_cell av-equal-height-column av-align-middle av-zero-column-padding first  limits-text first \" style='border-radius:0px; '><section class=\"av_textblock_section \"  itemscope=\"itemscope\" itemtype=\"https:\/\/schema.org\/CreativeWork\" ><div class='avia_textblock  '   itemprop=\"text\" ><h3>TECHNOLOGIE<\/h3>\n<p>iFRAME ist eine moderne Ganzglast\u00fcrtechnologie mit integriertem, intelligentem und innovativem Design! Wir bieten ein erstaunliches T\u00fcrsystem mit minimalen Rahmen: 98% Glas + 2% Profil = 100% Architektur. Mit nur einer Produktlinie k\u00f6nnen Sie eine klare Organisation, Transparenz und Perspektive in Ihrem Heim schaffen.<\/p>\n<div class='avia-button-wrap avia-button-left  '><a href='\/de\/produkte\/technologie' class='avia-button   avia-icon_select-no avia-color-theme-color avia-size-medium avia-position-left '   ><span class='avia_iconbox_title' >ENTDECKE DIE TECHNOLOGIE<\/span><\/a><\/div>\n<\/div><\/section><\/div><\/div><!--close column table wrapper. Autoclose: 1 --><div class='flex_column_table av-equal-height-column-flextable -flextable' ><div class='av-flex-placeholder'><\/div><div class=\"flex_column av_one_half  av-hide-on-mobile  flex_column_table_cell av-equal-height-column av-align-middle av-zero-column-padding   min-height pull-up \" style='background-image:url(https:\/\/www.iframe-system.com\/wp-content\/uploads\/2017\/12\/Technology-1-e1542271807218.jpg); background-position:center center; background-repeat:no-repeat; border-radius:0px; '><\/div><\/div><!--close column table wrapper. Autoclose: 1 --><div class='flex_column_table av-equal-height-column-flextable -flextable' ><div class=\"flex_column av_one_half  av-hide-on-mobile  flex_column_table_cell av-equal-height-column av-align-middle av-zero-column-padding first  pull-up min-height \" style='background-image:url(https:\/\/www.iframe-system.com\/wp-content\/uploads\/2017\/12\/Configuration-1-e1513349693228.jpg); background-position:center right; background-repeat:no-repeat; border-radius:0px; '><\/div><\/div><!--close column table wrapper. Autoclose: 1 --><div class='flex_column_table av-equal-height-column-flextable -flextable' ><div class='av-flex-placeholder'><\/div><div class=\"flex_column av_one_half  flex_column_table_cell av-equal-height-column av-align-middle av-zero-column-padding   limits-text \" style='border-radius:0px; '><section class=\"av_textblock_section \"  itemscope=\"itemscope\" itemtype=\"https:\/\/schema.org\/CreativeWork\" ><div class='avia_textblock  '   itemprop=\"text\" ><h3>KONFIGURATIONEN<\/h3>\n<p>Die vielseitige Einsatzm\u00f6glichkeit der IFRAME-Glasschiebet\u00fcren und -fenster vereint hervorragend physikalische und thermische Eigenschaften mit gro\u00dfen, beweglichen Glasw\u00e4nden, die vom Boden bis zur Decke reichen. Die iFRAME-Schiebet\u00fcren sind in 3 Produktlinien erh\u00e4ltlich. Je nach Einsatzm\u00f6glichkeit k\u00f6nnen Sie zwischen Einfach-, Doppel- oder Dreifachverglasung w\u00e4hlen. F\u00fcr alle Systeme gelten die gleichen technischen und \u00e4sthetischen Anforderungen.<\/p>\n<div class='avia-button-wrap avia-button-left  '><a href='\/de\/produkte\/konfigurationen' class='avia-button   avia-icon_select-no avia-color-theme-color avia-size-medium avia-position-left '   ><span class='avia_iconbox_title' >ENTDECKE DIE KONFIGURATIONEN<\/span><\/a><\/div>\n<\/div><\/section><\/div><\/div><!--close column table wrapper. Autoclose: 1 --><div class='flex_column_table av-equal-height-column-flextable -flextable' ><div class=\"flex_column av_one_half  flex_column_table_cell av-equal-height-column av-align-middle av-zero-column-padding first  limits-text last \" style='border-radius:0px; '><section class=\"av_textblock_section \"  itemscope=\"itemscope\" itemtype=\"https:\/\/schema.org\/CreativeWork\" ><div class='avia_textblock  '   itemprop=\"text\" ><h3>ZUSATZ<\/h3>\n<p>Das IFRAME rahmenlose Fenster- und T\u00fcrensystem bietet eine Reihe von zus\u00e4tzlichen Funktionen f\u00fcr mehr Komfort. Sch\u00fctzen Sie beispielsweise gro\u1e9ee \u00d6ffnungen vor Sonnenlicht und neugierigen Blicken durch den revolution\u00e4ren IFRAME \u2013 Sonnenschutz und Fliegengitter oder installieren Sie einen elektrischen Antrieb f\u00fcr ein einfaches, ger\u00e4uschloses \u00d6ffnen.<\/p>\n<p>Sorge um die Sicherheit? Wir k\u00f6nnen helfen. Wir bieten speziell entwickelte Hochsicherheitsfunktionen, einschlie\u1e9elich Sicherheitsglas und Alarmsensoren. Sie k\u00f6nnen das IFRAME rahmenlose T\u00fcrensystem mit einem internen oder externen Glasgel\u00e4ndersystem sowie einer Glastreppe kombinieren.<\/p>\n<div class='avia-button-wrap avia-button-left  '><a href='https:\/\/www.iframe-system.com\/de\/produkte\/zusaetze\/' class='avia-button   avia-icon_select-no avia-color-theme-color avia-size-medium avia-position-left '   ><span class='avia_iconbox_title' >ENTDECKE DIE ZUSATZM\u00d6GLICHKEITEN<\/span><\/a><\/div>\n<\/div><\/section><\/div><\/div><!--close column table wrapper. Autoclose: 1 --><div class='flex_column_table av-equal-height-column-flextable -flextable' ><div class='av-flex-placeholder'><\/div><div class=\"flex_column av_one_half  av-hide-on-mobile  flex_column_table_cell av-equal-height-column av-align-middle av-zero-column-padding   pull-up min-height \" style='background-image:url(https:\/\/www.iframe-system.com\/wp-content\/uploads\/2017\/12\/Aditional-1-e1513349899163.png); background-position:center center; background-repeat:no-repeat; border-radius:0px; '><\/div><\/div><!--close column table wrapper. Autoclose: 1 -->\n","protected":false},"excerpt":{"rendered":"","protected":false},"author":7,"featured_media":0,"parent":0,"menu_order":0,"comment_status":"closed","ping_status":"closed","template":"","meta":[],"yoast_head":"<!-- This site is optimized with the Yoast SEO plugin v15.2.1 - https:\/\/yoast.com\/wordpress\/plugins\/seo\/ -->\n<title>Produkte - iFrame<\/title>\n<meta name=\"robots\" content=\"index, follow, max-snippet:-1, max-image-preview:large, max-video-preview:-1\" \/>\n<link rel=\"canonical\" href=\"https:\/\/www.iframe-system.com\/de\/produkte\/\" \/>\n<meta property=\"og:locale\" content=\"de_DE\" \/>\n<meta property=\"og:type\" content=\"article\" \/>\n<meta property=\"og:title\" content=\"Produkte - iFrame\" \/>\n<meta property=\"og:url\" content=\"https:\/\/www.iframe-system.com\/de\/produkte\/\" \/>\n<meta property=\"og:site_name\" content=\"iFrame\" \/>\n<meta property=\"article:modified_time\" content=\"2019-06-21T12:48:29+00:00\" \/>\n<meta name=\"twitter:card\" content=\"summary\" \/>\n<meta name=\"twitter:label1\" content=\"Written by\">\n\t<meta name=\"twitter:data1\" content=\"Andrej\">\n\t<meta name=\"twitter:label2\" content=\"Est. reading time\">\n\t<meta name=\"twitter:data2\" content=\"5\u00a0Minuten\">\n<script type=\"application\/ld+json\" class=\"yoast-schema-graph\">{\"@context\":\"https:\/\/schema.org\",\"@graph\":[{\"@type\":\"WebSite\",\"@id\":\"https:\/\/www.iframe-system.com\/#website\",\"url\":\"https:\/\/www.iframe-system.com\/\",\"name\":\"iFrame\",\"description\":\"Frameless Doors and Windows\",\"potentialAction\":[{\"@type\":\"SearchAction\",\"target\":\"https:\/\/www.iframe-system.com\/?s={search_term_string}\",\"query-input\":\"required name=search_term_string\"}],\"inLanguage\":\"de\"},{\"@type\":\"WebPage\",\"@id\":\"https:\/\/www.iframe-system.com\/de\/produkte\/#webpage\",\"url\":\"https:\/\/www.iframe-system.com\/de\/produkte\/\",\"name\":\"Produkte - iFrame\",\"isPartOf\":{\"@id\":\"https:\/\/www.iframe-system.com\/#website\"},\"datePublished\":\"2019-05-21T09:40:12+00:00\",\"dateModified\":\"2019-06-21T12:48:29+00:00\",\"inLanguage\":\"de\",\"potentialAction\":[{\"@type\":\"ReadAction\",\"target\":[\"https:\/\/www.iframe-system.com\/de\/produkte\/\"]}]}]}<\/script>\n<!-- \/ Yoast SEO plugin. -->","_links":{"self":[{"href":"https:\/\/www.iframe-system.com\/de\/wp-json\/wp\/v2\/pages\/2406\/"}],"collection":[{"href":"https:\/\/www.iframe-system.com\/de\/wp-json\/wp\/v2\/pages\/"}],"about":[{"href":"https:\/\/www.iframe-system.com\/de\/wp-json\/wp\/v2\/types\/page\/"}],"author":[{"embeddable":true,"href":"https:\/\/www.iframe-system.com\/de\/wp-json\/wp\/v2\/users\/7\/"}],"replies":[{"embeddable":true,"href":"https:\/\/www.iframe-system.com\/de\/wp-json\/wp\/v2\/comments\/?post=2406"}],"version-history":[{"count":13,"href":"https:\/\/www.iframe-system.com\/de\/wp-json\/wp\/v2\/pages\/2406\/revisions\/"}],"predecessor-version":[{"id":3531,"href":"https:\/\/www.iframe-system.com\/de\/wp-json\/wp\/v2\/pages\/2406\/revisions\/3531\/"}],"wp:attachment":[{"href":"https:\/\/www.iframe-system.com\/de\/wp-json\/wp\/v2\/media\/?parent=2406"}],"curies":[{"name":"wp","href":"https:\/\/api.w.org\/{rel}","templated":true}]}}