{"id":2398,"date":"2019-05-21T11:27:12","date_gmt":"2019-05-21T09:27:12","guid":{"rendered":"https:\/\/www.iframe-system.com\/?page_id=2398"},"modified":"2021-02-18T12:31:34","modified_gmt":"2021-02-18T10:31:34","slug":"fuer-architekten","status":"publish","type":"page","link":"https:\/\/www.iframe-system.com\/de\/fuer-architekten\/","title":{"rendered":"F\u00fcr Architekten"},"content":{"rendered":"<\/div><\/div><\/div><!-- close content main div --><\/div><\/div><div id='av_section_1' class='avia-section main_color avia-section-default avia-no-shadow avia-bg-style-scroll  ah_huge_margin  container_wrap fullsize'   ><div class='container' ><div class='template-page content  av-content-full alpha units'><div class='post-entry post-entry-type-page post-entry-2398'><div class='entry-content-wrapper clearfix'>\n<div class=\"flex_column av_two_fifth  flex_column_div av-zero-column-padding first  ah_zamik_levo \" style='border-radius:0px; '><section class=\"av_textblock_section \"  itemscope=\"itemscope\" itemtype=\"https:\/\/schema.org\/CreativeWork\" ><div class='avia_textblock ah_poppins_h1 '   itemprop=\"text\" ><p>Willkommen bei dem iFRAME System.<br \/>Dieses Sondergebiet f\u00fcr die Architekten bietet interessante und wichtige Informationen bez\u00fcglich unserer Fenster und T\u00fcren. Bitte melden Sie sich an, um den Zugang zu weiteren detailierten Informationen zu individuellen Produkten zu haben.<\/p>\n<p>Sie sind bereits eingeloggt<\/p>\n<\/div><\/section><\/div><div class=\"flex_column av_one_third  flex_column_div av-zero-column-padding   siv_need_help \" style='border-radius:0px; '><section class=\"av_textblock_section \"  itemscope=\"itemscope\" itemtype=\"https:\/\/schema.org\/CreativeWork\" ><div class='avia_textblock ah_poppins_h2 '   itemprop=\"text\" ><h2>Brauchen Sie Hilfe??<\/h2>\n<p>Kontaktieren Sie uns: T: <a href=\"tel:03 42 55 800\">+386 3 42 55 800<\/a> E: <a href=\"mailto:info@iframe-system.com\">info@iframe-system.com<\/a><\/p>\n<\/div><\/section><\/div><\/div><\/div><\/div><!-- close content main div --><\/div><\/div><div id='av_section_2' class='avia-section main_color avia-section-default avia-no-shadow avia-bg-style-scroll   container_wrap fullsize'   ><div class='container' ><div class='template-page content  av-content-full alpha units'><div class='post-entry post-entry-type-page post-entry-2398'><div class='entry-content-wrapper clearfix'>\n<div class=\"flex_column av_one_full  flex_column_div av-zero-column-padding first  ah_border_top \" style='border-radius:0px; '><section class=\"av_textblock_section \"  itemscope=\"itemscope\" itemtype=\"https:\/\/schema.org\/CreativeWork\" ><div class='avia_textblock ah_poppins_h4 '   itemprop=\"text\" ><h4 style=\"text-align: center;\">BROSCH\u00dcREN UND VER\u00d6FFENTLICHUNGEN<\/h4>\n<p style=\"text-align: center;\">Sie k\u00f6nnen gerne in unseren Brosch\u00fcren und Ver\u00f6ffentlichungen bl\u00e4ttern, erh\u00e4ltlich als PDF-File weiter unten.<\/p>\n<\/div><\/section><br \/>\n<section class=\"av_textblock_section \"  itemscope=\"itemscope\" itemtype=\"https:\/\/schema.org\/CreativeWork\" ><div class='avia_textblock  '   itemprop=\"text\" >\n<\/div><\/section><br \/>\n<section class=\"av_textblock_section \"  itemscope=\"itemscope\" itemtype=\"https:\/\/schema.org\/CreativeWork\" ><div class='avia_textblock ah_poppins_h4 ah-add-margin '   itemprop=\"text\" ><h4 style=\"text-align: center;\">TECHNISCHE UNTERLAGEN UND ACAD ZEICHUNGEN<\/h4>\n<p style=\"text-align: center;\">Bitte melden Sie sich an, um unsere technischen Unterlagen und ACAD Zeichnungen herunterzuladen.<\/p>\n<\/div><\/section><br \/>\n<section class=\"av_textblock_section \"  itemscope=\"itemscope\" itemtype=\"https:\/\/schema.org\/CreativeWork\" ><div class='avia_textblock  '   itemprop=\"text\" >\n<\/div><\/section><\/p><\/div>\n<\/p>\n","protected":false},"excerpt":{"rendered":"","protected":false},"author":2,"featured_media":0,"parent":0,"menu_order":0,"comment_status":"closed","ping_status":"closed","template":"","meta":[],"yoast_head":"<!-- This site is optimized with the Yoast SEO plugin v15.2.1 - https:\/\/yoast.com\/wordpress\/plugins\/seo\/ -->\n<title>F\u00fcr Architekten - iFrame<\/title>\n<meta name=\"description\" content=\"Dieses Sondergebiet f\u00fcr die Architekten bietet interessante und wichtige Informationen bez\u00fcglich unserer Fenster und T\u00fcren.\" \/>\n<meta name=\"robots\" content=\"index, follow, max-snippet:-1, max-image-preview:large, max-video-preview:-1\" \/>\n<link rel=\"canonical\" href=\"https:\/\/www.iframe-system.com\/de\/fuer-architekten\/\" \/>\n<meta property=\"og:locale\" content=\"de_DE\" \/>\n<meta property=\"og:type\" content=\"article\" \/>\n<meta property=\"og:title\" content=\"F\u00fcr Architekten - iFrame\" \/>\n<meta property=\"og:description\" content=\"Dieses Sondergebiet f\u00fcr die Architekten bietet interessante und wichtige Informationen bez\u00fcglich unserer Fenster und T\u00fcren.\" \/>\n<meta property=\"og:url\" content=\"https:\/\/www.iframe-system.com\/de\/fuer-architekten\/\" \/>\n<meta property=\"og:site_name\" content=\"iFrame\" \/>\n<meta property=\"article:modified_time\" content=\"2021-02-18T10:31:34+00:00\" \/>\n<meta name=\"twitter:card\" content=\"summary\" \/>\n<meta name=\"twitter:label1\" content=\"Written by\">\n\t<meta name=\"twitter:data1\" content=\"Anze\">\n\t<meta name=\"twitter:label2\" content=\"Est. reading time\">\n\t<meta name=\"twitter:data2\" content=\"3\u00a0Minuten\">\n<script type=\"application\/ld+json\" class=\"yoast-schema-graph\">{\"@context\":\"https:\/\/schema.org\",\"@graph\":[{\"@type\":\"WebSite\",\"@id\":\"https:\/\/www.iframe-system.com\/#website\",\"url\":\"https:\/\/www.iframe-system.com\/\",\"name\":\"iFrame\",\"description\":\"Frameless Doors and Windows\",\"potentialAction\":[{\"@type\":\"SearchAction\",\"target\":\"https:\/\/www.iframe-system.com\/?s={search_term_string}\",\"query-input\":\"required name=search_term_string\"}],\"inLanguage\":\"de\"},{\"@type\":\"WebPage\",\"@id\":\"https:\/\/www.iframe-system.com\/de\/fuer-architekten\/#webpage\",\"url\":\"https:\/\/www.iframe-system.com\/de\/fuer-architekten\/\",\"name\":\"F\\u00fcr Architekten - iFrame\",\"isPartOf\":{\"@id\":\"https:\/\/www.iframe-system.com\/#website\"},\"datePublished\":\"2019-05-21T09:27:12+00:00\",\"dateModified\":\"2021-02-18T10:31:34+00:00\",\"description\":\"Dieses Sondergebiet f\\u00fcr die Architekten bietet interessante und wichtige Informationen bez\\u00fcglich unserer Fenster und T\\u00fcren.\",\"inLanguage\":\"de\",\"potentialAction\":[{\"@type\":\"ReadAction\",\"target\":[\"https:\/\/www.iframe-system.com\/de\/fuer-architekten\/\"]}]}]}<\/script>\n<!-- \/ Yoast SEO plugin. -->","_links":{"self":[{"href":"https:\/\/www.iframe-system.com\/de\/wp-json\/wp\/v2\/pages\/2398\/"}],"collection":[{"href":"https:\/\/www.iframe-system.com\/de\/wp-json\/wp\/v2\/pages\/"}],"about":[{"href":"https:\/\/www.iframe-system.com\/de\/wp-json\/wp\/v2\/types\/page\/"}],"author":[{"embeddable":true,"href":"https:\/\/www.iframe-system.com\/de\/wp-json\/wp\/v2\/users\/2\/"}],"replies":[{"embeddable":true,"href":"https:\/\/www.iframe-system.com\/de\/wp-json\/wp\/v2\/comments\/?post=2398"}],"version-history":[{"count":13,"href":"https:\/\/www.iframe-system.com\/de\/wp-json\/wp\/v2\/pages\/2398\/revisions\/"}],"predecessor-version":[{"id":3322,"href":"https:\/\/www.iframe-system.com\/de\/wp-json\/wp\/v2\/pages\/2398\/revisions\/3322\/"}],"wp:attachment":[{"href":"https:\/\/www.iframe-system.com\/de\/wp-json\/wp\/v2\/media\/?parent=2398"}],"curies":[{"name":"wp","href":"https:\/\/api.w.org\/{rel}","templated":true}]}}