{"id":2387,"date":"2019-05-17T15:01:38","date_gmt":"2019-05-17T13:01:38","guid":{"rendered":"https:\/\/www.iframe-system.com\/?page_id=2387"},"modified":"2020-11-27T14:55:31","modified_gmt":"2020-11-27T12:55:31","slug":"distributoren","status":"publish","type":"page","link":"https:\/\/www.iframe-system.com\/de\/distributoren\/","title":{"rendered":"Distributoren"},"content":{"rendered":"<\/div><\/div><\/div><!-- close content main div --><\/div><\/div><div id='av_section_1' class='avia-section main_color avia-section-default avia-no-shadow avia-bg-style-scroll  ah_huge_margin  container_wrap fullsize'   ><div class='container' ><div class='template-page content  av-content-full alpha units'><div class='post-entry post-entry-type-page post-entry-2387'><div class='entry-content-wrapper clearfix'>\n<div class=\"flex_column av_one_full  flex_column_div av-zero-column-padding first  ah_zamik_levo \" style='border-radius:0px; '><section class=\"av_textblock_section \"  itemscope=\"itemscope\" itemtype=\"https:\/\/schema.org\/CreativeWork\" ><div class='avia_textblock ah_poppins_h1 '   itemprop=\"text\" ><h1>Unsere Distributoren<\/h1>\n<\/div><\/section><\/div>\n\n<\/div><\/div><\/div><!-- close content main div --><\/div><\/div><div id='av_section_2' class='avia-section main_color avia-section-default avia-no-shadow avia-bg-style-scroll   container_wrap fullsize'   ><div class='container' ><div class='template-page content  av-content-full alpha units'><div class='post-entry post-entry-type-page post-entry-2387'><div class='entry-content-wrapper clearfix'>\n<div class=\"flex_column av_one_full  flex_column_div av-zero-column-padding first  \" style='border-radius:0px; '><div id='av_gmap_1' class='avia-google-map-container ' data-mapid='1' style='height: 900px;'><\/div><\/div>\n\n<\/div><\/div><\/div><!-- close content main div --><\/div><\/div><div id='av_section_3' class='avia-section main_color avia-section-default avia-no-shadow avia-bg-style-scroll  distributorji  container_wrap fullsize'   ><div class='container' ><div class='template-page content  av-content-full alpha units'><div class='post-entry post-entry-type-page post-entry-2387'><div class='entry-content-wrapper clearfix'>\n<div class=\"flex_column av_one_fourth  flex_column_div av-zero-column-padding first  distributor \" style='border-radius:0px; '><section class=\"av_textblock_section \"  itemscope=\"itemscope\" itemtype=\"https:\/\/schema.org\/CreativeWork\" ><div class='avia_textblock  '   itemprop=\"text\" ><h4><strong>Simer plus d.o.o.<\/strong><\/h4>\n<p>Ipavceva 22, 3000 Celje<br \/>\nSlovenia<\/p>\n<p><strong>T:<\/strong> <a href=\"tel:03 42 55 800\">03 42 55 800<\/a><br \/>\n<strong>F:<\/strong> 03 42 55 850<br \/>\n<strong>E:<\/strong> <a href=\"mailto:info@simer.si\">info@simer.si<\/a><\/p>\n<\/div><\/section><\/div><div class=\"flex_column av_one_fourth  flex_column_div av-zero-column-padding   distributor \" style='border-radius:0px; '><section class=\"av_textblock_section \"  itemscope=\"itemscope\" itemtype=\"https:\/\/schema.org\/CreativeWork\" ><div class='avia_textblock  '   itemprop=\"text\" ><h4><strong>DI (FH) Bernhard Handel<br \/>\n<\/strong><\/h4>\n<p><span style=\"font-weight: 400;\">IFRAME representative Austria\u00a0<\/span><br \/>\nDipl. Ing. (Fh) Handel Bernhard<\/p>\n<p>Ferbersdorf 3<br \/>\n8076 Vasoldsberg<\/p>\n<p><span style=\"font-weight: 400;\"><strong>T:<\/strong> <a href=\"tel:0043 664 929 6001\">+43 664 929 6001<\/a><br \/>\n<\/span><span style=\"font-weight: 400;\"><strong>E:<\/strong> : <\/span><a href=\"mailto:b.handel@aon.at\"><span style=\"font-weight: 400;\">b.handel@aon.at<\/span><\/a><\/p>\n<\/div><\/section><\/div><div class=\"flex_column av_one_fourth  flex_column_div av-zero-column-padding   distributor \" style='border-radius:0px; '><section class=\"av_textblock_section \"  itemscope=\"itemscope\" itemtype=\"https:\/\/schema.org\/CreativeWork\" ><div class='avia_textblock  '   itemprop=\"text\" ><h4><strong>Friedrich Waclawek<\/strong><\/h4>\n<p>Architekt &#8211; staatlich befugter und beeideter Ziviltechniker gerichtlich zertifizierter Sachverst\u00e4ndiger<\/p>\n<p style=\"font-weight: 400;\">Erzbischofgasse 3, Haus C<br \/>\n1130 Wien<br \/>\nAustria<\/p>\n<p style=\"font-weight: 400;\"><strong>T.:<\/strong> <a href=\"tel:0043 699 1 8773707\">+43 699 1 8773707<\/a><br \/>\n<strong>E:<\/strong>\u00a0<a href=\"mailto:architekt@waclawek.com\">architekt@waclawek.com<br \/>\n<\/a><strong>W:<\/strong>\u00a0<a href=\"http:\/\/www.waclawek.com\/\" data-saferedirecturl=\"https:\/\/www.google.com\/url?hl=en&amp;q=http:\/\/www.waclawek.com&amp;source=gmail&amp;ust=1513947141069000&amp;usg=AFQjCNGP7goJS5f_DyZSI8tHRUugxvJwMg\">www.waclawek.com<\/a><\/p>\n<p><span style=\"font-weight: 400;\">\u00a0<\/span><\/p>\n<\/div><\/section><\/div><div class=\"flex_column av_one_fourth  flex_column_div av-zero-column-padding   distributor \" style='border-radius:0px; '><section class=\"av_textblock_section \"  itemscope=\"itemscope\" itemtype=\"https:\/\/schema.org\/CreativeWork\" ><div class='avia_textblock  '   itemprop=\"text\" ><h4 style=\"font-weight: 400;\"><strong>Friedrich Waclawek<\/strong><\/h4>\n<p>Architekt OAI &#8211; Ordre des Architectes et des Ingenieurs-Conseils du Grand-Duche de Luxembourg<\/p>\n<p style=\"font-weight: 400;\"><span style=\"font-weight: 400;\">41 Rue du Kiem,\u00a0<\/span><span style=\"font-weight: 400;\">8030\u00a0Strassen<br \/>\n<\/span><span style=\"font-weight: 400;\">Luxembourg\u00a0<\/span><\/p>\n<p><span style=\"font-weight: 400;\">\u00a0<\/span><\/p>\n<\/div><\/section><\/div><div class=\"flex_column av_one_fourth  flex_column_div av-zero-column-padding first  distributor \" style='border-radius:0px; '><section class=\"av_textblock_section \"  itemscope=\"itemscope\" itemtype=\"https:\/\/schema.org\/CreativeWork\" ><div class='avia_textblock  '   itemprop=\"text\" ><h4 style=\"font-weight: 400;\"><strong>Arch. DI Marion Kuzmany<\/strong><\/h4>\n<p style=\"font-weight: 400;\">Kaiserstrasse 67\/9<br \/>\n1070 Wien<br \/>\nVienna, Austria<\/p>\n<p><strong>T:<\/strong> <a href=\"tel:0043 (0)699-19478751\">+43 (0)699-19478751<\/a><br \/>\n<strong>E:<\/strong> <a href=\"mailto:mkuzmany@gmail.com\">mkuzmany@gmail.com<\/a><\/p>\n<p><span style=\"font-weight: 400;\">\u00a0<\/span><\/p>\n<\/div><\/section><\/div><div class=\"flex_column av_one_fourth  flex_column_div av-zero-column-padding   distributor \" style='border-radius:0px; '><section class=\"av_textblock_section \"  itemscope=\"itemscope\" itemtype=\"https:\/\/schema.org\/CreativeWork\" ><div class='avia_textblock  '   itemprop=\"text\" ><h4 style=\"font-weight: 400;\"><strong>Elvir Lagumd\u017eija<\/strong><\/h4>\n<p style=\"font-weight: 400;\">iFRAME representative Germany<\/p>\n<p>Friedrichstrasse 49<br \/>\nFriedrichshafen<\/p>\n<p><strong>T:<\/strong> <a href=\"tel:0038631376520\">+386 31 376 520<\/a><\/p>\n<\/div><\/section><\/div>\n\n<\/div><\/div><\/div><!-- close content main div --><\/div><\/div><div id='av_section_4' class='avia-section main_color avia-section-default avia-no-shadow avia-bg-style-scroll    container_wrap fullsize' style = 'background-color: #f2f2f2; '  ><div class='container' ><div class='template-page content  av-content-full alpha units'><div class='post-entry post-entry-type-page post-entry-2387'><div class='entry-content-wrapper clearfix'>\n<div class=\"flex_column av_one_full  flex_column_div av-zero-column-padding first  \" style='border-radius:0px; '><section class=\"av_textblock_section \"  itemscope=\"itemscope\" itemtype=\"https:\/\/schema.org\/CreativeWork\" ><div class='avia_textblock  '   itemprop=\"text\" ><h2 style=\"text-align: center;\">Werden Sie Gesch\u00e4ftspartner.<\/h2>\n<h2 style=\"text-align: center;\">Eine neue Gesch\u00e4ftsm\u00f6glichkeit!<\/h2>\n<p style=\"text-align: center;\">M\u00f6chten Sie<b> Ihr Angebot erweitern<\/b> oder selbstst\u00e4ndig werden?<br \/>\nWir bieten Ihnen die Zusammenarbeit mit einem Unternehmen an, das innovative High-Tech-L\u00f6sungen<br \/>\nentwickelt\u00a0 und\u00a0 eine 30-j\u00e4hrige Tradition hat.<\/p>\n<p style=\"text-align: center;\">Sie k\u00f6nnen Gesch\u00e4ftspartner werden, indem Sie die Anfrage f\u00fcr eine gesch\u00e4ftliche Zusammenarbeit an die<br \/>\n<strong>E-Mail-Adresse: <a href=\"mailto:info@iframe-system.com\">info@iframe-system.com<\/a><\/strong><br \/>\nsenden oder das<strong><a href=\"https:\/\/iframe-gmbh.de\/kontakt\/#tab-id-2\"> Partnerschaftsformular ausf\u00fcllen<\/a>.<\/strong><\/p>\n<p style=\"text-align: center;\">Wir werden Ihre Initiative pr\u00fcfen und Sie zu einem Treffen einladen, um zu vereinbaren,<br \/>\nwelche Art von Zusammenarbeit m\u00f6glich w\u00e4re.<\/p>\n<\/div><\/section><\/div>\n","protected":false},"excerpt":{"rendered":"","protected":false},"author":7,"featured_media":0,"parent":0,"menu_order":0,"comment_status":"closed","ping_status":"closed","template":"","meta":[],"yoast_head":"<!-- This site is optimized with the Yoast SEO plugin v15.2.1 - https:\/\/yoast.com\/wordpress\/plugins\/seo\/ -->\n<title>Distributoren - iFrame<\/title>\n<meta name=\"robots\" content=\"index, follow, max-snippet:-1, max-image-preview:large, max-video-preview:-1\" \/>\n<link rel=\"canonical\" href=\"https:\/\/www.iframe-system.com\/de\/distributoren\/\" \/>\n<meta property=\"og:locale\" content=\"de_DE\" \/>\n<meta property=\"og:type\" content=\"article\" \/>\n<meta property=\"og:title\" content=\"Distributoren - iFrame\" \/>\n<meta property=\"og:url\" content=\"https:\/\/www.iframe-system.com\/de\/distributoren\/\" \/>\n<meta property=\"og:site_name\" content=\"iFrame\" \/>\n<meta property=\"article:modified_time\" content=\"2020-11-27T12:55:31+00:00\" \/>\n<meta name=\"twitter:card\" content=\"summary\" \/>\n<meta name=\"twitter:label1\" content=\"Written by\">\n\t<meta name=\"twitter:data1\" content=\"Andrej\">\n\t<meta name=\"twitter:label2\" content=\"Est. reading time\">\n\t<meta name=\"twitter:data2\" content=\"6\u00a0Minuten\">\n<script type=\"application\/ld+json\" class=\"yoast-schema-graph\">{\"@context\":\"https:\/\/schema.org\",\"@graph\":[{\"@type\":\"WebSite\",\"@id\":\"https:\/\/www.iframe-system.com\/#website\",\"url\":\"https:\/\/www.iframe-system.com\/\",\"name\":\"iFrame\",\"description\":\"Frameless Doors and Windows\",\"potentialAction\":[{\"@type\":\"SearchAction\",\"target\":\"https:\/\/www.iframe-system.com\/?s={search_term_string}\",\"query-input\":\"required name=search_term_string\"}],\"inLanguage\":\"de\"},{\"@type\":\"WebPage\",\"@id\":\"https:\/\/www.iframe-system.com\/de\/distributoren\/#webpage\",\"url\":\"https:\/\/www.iframe-system.com\/de\/distributoren\/\",\"name\":\"Distributoren - iFrame\",\"isPartOf\":{\"@id\":\"https:\/\/www.iframe-system.com\/#website\"},\"datePublished\":\"2019-05-17T13:01:38+00:00\",\"dateModified\":\"2020-11-27T12:55:31+00:00\",\"inLanguage\":\"de\",\"potentialAction\":[{\"@type\":\"ReadAction\",\"target\":[\"https:\/\/www.iframe-system.com\/de\/distributoren\/\"]}]}]}<\/script>\n<!-- \/ Yoast SEO plugin. -->","_links":{"self":[{"href":"https:\/\/www.iframe-system.com\/de\/wp-json\/wp\/v2\/pages\/2387\/"}],"collection":[{"href":"https:\/\/www.iframe-system.com\/de\/wp-json\/wp\/v2\/pages\/"}],"about":[{"href":"https:\/\/www.iframe-system.com\/de\/wp-json\/wp\/v2\/types\/page\/"}],"author":[{"embeddable":true,"href":"https:\/\/www.iframe-system.com\/de\/wp-json\/wp\/v2\/users\/7\/"}],"replies":[{"embeddable":true,"href":"https:\/\/www.iframe-system.com\/de\/wp-json\/wp\/v2\/comments\/?post=2387"}],"version-history":[{"count":4,"href":"https:\/\/www.iframe-system.com\/de\/wp-json\/wp\/v2\/pages\/2387\/revisions\/"}],"predecessor-version":[{"id":3169,"href":"https:\/\/www.iframe-system.com\/de\/wp-json\/wp\/v2\/pages\/2387\/revisions\/3169\/"}],"wp:attachment":[{"href":"https:\/\/www.iframe-system.com\/de\/wp-json\/wp\/v2\/media\/?parent=2387"}],"curies":[{"name":"wp","href":"https:\/\/api.w.org\/{rel}","templated":true}]}}