{"id":2346,"date":"2019-05-17T08:22:04","date_gmt":"2019-05-17T06:22:04","guid":{"rendered":"https:\/\/www.iframe-system.com\/?page_id=2346"},"modified":"2020-11-25T12:37:17","modified_gmt":"2020-11-25T10:37:17","slug":"kontakt","status":"publish","type":"page","link":"https:\/\/www.iframe-system.com\/de\/kontakt\/","title":{"rendered":"Kontakt"},"content":{"rendered":"<\/div><\/div><\/div><!-- close content main div --><\/div><\/div><div id='kontakt' class='avia-section main_color avia-section-no-padding avia-no-border-styling avia-bg-style-scroll    container_wrap fullsize'   ><div class='container' ><div class='template-page content  av-content-full alpha units'><div class='post-entry post-entry-type-page post-entry-2346'><div class='entry-content-wrapper clearfix'>\n<div class=\"flex_column av_one_third  flex_column_div av-zero-column-padding first  mobile_margin \" style='margin-top:159px; margin-bottom:159px; border-radius:0px; '><section class=\"av_textblock_section \"  itemscope=\"itemscope\" itemtype=\"https:\/\/schema.org\/CreativeWork\" ><div class='avia_textblock besedilo-kontakt content-left-padding '   itemprop=\"text\" ><h1>Kontaktieren Sie uns<\/h1>\n<p>Wir sind f\u00fcr Sie da, um Ihnen mehr Informationen zu bieten und all Ihre Fragen zu beantworten.<\/p>\n<p><strong>T:<\/strong>&nbsp;<a href=\"tel:0038634255800\">+386 3 42 55 800<br \/>\n<\/a><strong>E:&nbsp;<\/strong><a href=\"mailto:info@iframe-system.com\">info@iframe-system.com<\/a><\/p>\n<\/div><\/section><\/div><div class=\"flex_column av_two_third  flex_column_div av-zero-column-padding   mobile_margin \" style='margin-top:159px; margin-bottom:159px; border-radius:0px; '><div class=\"tabcontainer   top_tab   \">\n\n<section class=\"av_tab_section\"  itemscope=\"itemscope\" itemtype=\"https:\/\/schema.org\/CreativeWork\" >    <div data-fake-id=\"#tab-id-1\" class=\"tab active_tab\"  itemprop=\"headline\" >HABEN SIE INTERESSE AN IFRAME L\u00d6SUNGEN?<\/div>\n    <div id=\"tab-id-1-container\" class=\"tab_content active_tab_content\">\n        <div class=\"tab_inner_content invers-color\"  itemprop=\"text\" >\n<p><em>Geben Sie uns bitte etwas mehr Informationen \u00fcber Ihr Projekt und wir werden gerne eine L\u00f6sung f\u00fcr Ihre Bed\u00fcrfnisse finden.<\/em><\/p>\n<div role=\"form\" class=\"wpcf7\" id=\"wpcf7-f2868-o1\" lang=\"en-US\" dir=\"ltr\">\n<div class=\"screen-reader-response\"><p role=\"status\" aria-live=\"polite\" aria-atomic=\"true\"><\/p> <ul><\/ul><\/div>\n<form action=\"\/de\/wp-json\/wp\/v2\/pages\/2346\/#wpcf7-f2868-o1\" method=\"post\" class=\"wpcf7-form init\" novalidate=\"novalidate\" data-status=\"init\">\n<div style=\"display: none;\">\n<input type=\"hidden\" name=\"_wpcf7\" value=\"2868\" \/>\n<input type=\"hidden\" name=\"_wpcf7_version\" value=\"5.3.2\" \/>\n<input type=\"hidden\" name=\"_wpcf7_locale\" value=\"en_US\" \/>\n<input type=\"hidden\" name=\"_wpcf7_unit_tag\" value=\"wpcf7-f2868-o1\" \/>\n<input type=\"hidden\" name=\"_wpcf7_container_post\" value=\"0\" \/>\n<input type=\"hidden\" name=\"_wpcf7_posted_data_hash\" value=\"\" \/>\n<input type=\"hidden\" name=\"_wpcf7_recaptcha_response\" value=\"\" \/>\n<\/div>\n<div class=\"checkbox-style\">\n    <span class=\"wpcf7-form-control-wrap your-gender\"><span class=\"wpcf7-form-control wpcf7-checkbox wpcf7-exclusive-checkbox\"><span class=\"wpcf7-list-item first\"><input type=\"checkbox\" name=\"your-gender\" value=\"Herr\" \/><span class=\"wpcf7-list-item-label\">Herr<\/span><\/span><span class=\"wpcf7-list-item last\"><input type=\"checkbox\" name=\"your-gender\" value=\"Frau\" \/><span class=\"wpcf7-list-item-label\">Frau<\/span><\/span><\/span><\/span>\n<\/div>\n<div class=\"one_half contact-1\">\n<p>    <label> Nachname* <\/label><br \/>\n        <span class=\"wpcf7-form-control-wrap your-name\"><input type=\"text\" name=\"your-name\" value=\"\" size=\"40\" class=\"wpcf7-form-control wpcf7-text wpcf7-validates-as-required\" aria-required=\"true\" aria-invalid=\"false\" \/><\/span> <\/p>\n<p>    <label> Firma<\/label><br \/>\n        <span class=\"wpcf7-form-control-wrap your-company\"><input type=\"text\" name=\"your-company\" value=\"\" size=\"40\" class=\"wpcf7-form-control wpcf7-text\" aria-invalid=\"false\" \/><\/span> <\/p>\n<p>    <label> E - mail* <\/label><br \/>\n        <span class=\"wpcf7-form-control-wrap your-email\"><input type=\"email\" name=\"your-email\" value=\"\" size=\"40\" class=\"wpcf7-form-control wpcf7-text wpcf7-email wpcf7-validates-as-required wpcf7-validates-as-email\" aria-required=\"true\" aria-invalid=\"false\" \/><\/span> <\/p>\n<p>    <label> Telefonnummer <\/label><br \/>\n        <span class=\"wpcf7-form-control-wrap your-tel\"><input type=\"tel\" name=\"your-tel\" value=\"\" size=\"40\" class=\"wpcf7-form-control wpcf7-text wpcf7-tel wpcf7-validates-as-tel\" aria-invalid=\"false\" \/><\/span> <\/p>\n<div class=\"checkbox-style\">\n        <label> Projektart: <\/label><br \/>\n        <span class=\"wpcf7-form-control-wrap project-type\"><span class=\"wpcf7-form-control wpcf7-checkbox wpcf7-exclusive-checkbox\"><span class=\"wpcf7-list-item first\"><input type=\"checkbox\" name=\"project-type\" value=\"Sanierung\" \/><span class=\"wpcf7-list-item-label\">Sanierung<\/span><\/span><span class=\"wpcf7-list-item last\"><input type=\"checkbox\" name=\"project-type\" value=\"Neubau\" \/><span class=\"wpcf7-list-item-label\">Neubau<\/span><\/span><\/span><\/span>\n    <\/div>\n<\/div>\n<div class=\"one_half contact-2\">\n    <label> Ihre Nachricht <\/label><br \/>\n        <span class=\"wpcf7-form-control-wrap your-message\"><textarea name=\"your-message\" cols=\"40\" rows=\"10\" class=\"wpcf7-form-control wpcf7-textarea\" aria-invalid=\"false\"><\/textarea><\/span><br \/>\n         <label><span class=\"wpcf7-form-control-wrap checkbox-370\"><span class=\"wpcf7-form-control wpcf7-checkbox wpcf7-validates-as-required\"><span class=\"wpcf7-list-item first last\"><input type=\"checkbox\" name=\"checkbox-370[]\" value=\"Ich stimme den\" \/><span class=\"wpcf7-list-item-label\">Ich stimme den<\/span><\/span><\/span><\/span><a id=\"privacypolicylink\" href=\"https:\/\/www.iframe-system.com\/privacy-policy\/\">Datenschutzbestimmungen zu.<\/a><\/label><\/p>\n<p>    <input type=\"submit\" value=\"SENDEN\" class=\"wpcf7-form-control wpcf7-submit\" \/>\n<\/p><\/div>\n<div class=\"wpcf7-response-output\" aria-hidden=\"true\"><\/div><\/form><\/div>\n\n        <\/div>\n    <\/div>\n<\/section>\n\n<section class=\"av_tab_section\"  itemscope=\"itemscope\" itemtype=\"https:\/\/schema.org\/CreativeWork\" >    <div data-fake-id=\"#tab-id-2\" class=\"tab \"  itemprop=\"headline\" >HABEN SIE INTERESSE AM VERTRIEB?<\/div>\n    <div id=\"tab-id-2-container\" class=\"tab_content \">\n        <div class=\"tab_inner_content invers-color\"  itemprop=\"text\" >\n<p><em>Geben Sie uns bitte etwas mehr Informationen \u00fcber Ihr Unternehmen und Ihre Interessen und wir werden gerne eine L\u00f6sung f\u00fcr eine Zusammenarbeit mit Ihnen finden.<\/em><\/p>\n<div role=\"form\" class=\"wpcf7\" id=\"wpcf7-f2869-o2\" lang=\"en-US\" dir=\"ltr\">\n<div class=\"screen-reader-response\"><p role=\"status\" aria-live=\"polite\" aria-atomic=\"true\"><\/p> <ul><\/ul><\/div>\n<form action=\"\/de\/wp-json\/wp\/v2\/pages\/2346\/#wpcf7-f2869-o2\" method=\"post\" class=\"wpcf7-form init\" novalidate=\"novalidate\" data-status=\"init\">\n<div style=\"display: none;\">\n<input type=\"hidden\" name=\"_wpcf7\" value=\"2869\" \/>\n<input type=\"hidden\" name=\"_wpcf7_version\" value=\"5.3.2\" \/>\n<input type=\"hidden\" name=\"_wpcf7_locale\" value=\"en_US\" \/>\n<input type=\"hidden\" name=\"_wpcf7_unit_tag\" value=\"wpcf7-f2869-o2\" \/>\n<input type=\"hidden\" name=\"_wpcf7_container_post\" value=\"0\" \/>\n<input type=\"hidden\" name=\"_wpcf7_posted_data_hash\" value=\"\" \/>\n<input type=\"hidden\" name=\"_wpcf7_recaptcha_response\" value=\"\" \/>\n<\/div>\n<div class=\"contact-distribution\">\n<p>    <label> Nachname* <\/label><br \/>\n        <span class=\"wpcf7-form-control-wrap your-name\"><input type=\"text\" name=\"your-name\" value=\"\" size=\"40\" class=\"wpcf7-form-control wpcf7-text wpcf7-validates-as-required\" aria-required=\"true\" aria-invalid=\"false\" \/><\/span> <\/p>\n<p>    <label> Firma* <\/label><br \/>\n        <span class=\"wpcf7-form-control-wrap your-company\"><input type=\"text\" name=\"your-company\" value=\"\" size=\"40\" class=\"wpcf7-form-control wpcf7-text wpcf7-validates-as-required\" aria-required=\"true\" aria-invalid=\"false\" \/><\/span><\/p>\n<p>    <label> Coutry* <\/label><br \/>\n        <span class=\"wpcf7-form-control-wrap your-country\"><input type=\"text\" name=\"your-country\" value=\"\" size=\"40\" class=\"wpcf7-form-control wpcf7-text wpcf7-validates-as-required\" aria-required=\"true\" aria-invalid=\"false\" \/><\/span> <\/p>\n<p>    <label> E - mail* <\/label><br \/>\n        <span class=\"wpcf7-form-control-wrap your-email\"><input type=\"email\" name=\"your-email\" value=\"\" size=\"40\" class=\"wpcf7-form-control wpcf7-text wpcf7-email wpcf7-validates-as-required wpcf7-validates-as-email\" aria-required=\"true\" aria-invalid=\"false\" \/><\/span> <\/p>\n<p>    <label> Telefonnummer* <\/label><br \/>\n        <span class=\"wpcf7-form-control-wrap your-tel\"><input type=\"tel\" name=\"your-tel\" value=\"\" size=\"40\" class=\"wpcf7-form-control wpcf7-text wpcf7-tel wpcf7-validates-as-required wpcf7-validates-as-tel\" aria-required=\"true\" aria-invalid=\"false\" \/><\/span> <\/p>\n<div class=\"your-experience\">\n        <label> Industry experience: <\/label><br \/>\n        <span class=\"wpcf7-form-control-wrap your-experience\"><span class=\"wpcf7-form-control wpcf7-checkbox wpcf7-exclusive-checkbox\"><span class=\"wpcf7-list-item first\"><input type=\"checkbox\" name=\"your-experience\" value=\"Yes\" \/><span class=\"wpcf7-list-item-label\">Yes<\/span><\/span><span class=\"wpcf7-list-item last\"><input type=\"checkbox\" name=\"your-experience\" value=\"No\" \/><span class=\"wpcf7-list-item-label\">No<\/span><\/span><\/span><\/span>\n    <\/div>\n<div class=\"monter\">\n        <label> Monter: <\/label><br \/>\n        <span class=\"wpcf7-form-control-wrap your-status\"><span class=\"wpcf7-form-control wpcf7-checkbox wpcf7-exclusive-checkbox\"><span class=\"wpcf7-list-item first\"><input type=\"checkbox\" name=\"your-status\" value=\"Yes\" \/><span class=\"wpcf7-list-item-label\">Yes<\/span><\/span><span class=\"wpcf7-list-item last\"><input type=\"checkbox\" name=\"your-status\" value=\"No\" \/><span class=\"wpcf7-list-item-label\">No<\/span><\/span><\/span><\/span>\n    <\/div>\n<p><label style=\"width: 100%; float: left;\"><span class=\"wpcf7-form-control-wrap checkbox-52\"><span class=\"wpcf7-form-control wpcf7-checkbox wpcf7-validates-as-required\"><span class=\"wpcf7-list-item first last\"><input type=\"checkbox\" name=\"checkbox-52[]\" value=\"Ich stimme den\" \/><span class=\"wpcf7-list-item-label\">Ich stimme den<\/span><\/span><\/span><\/span><a id=\"privacypolicylink\" href=\"https:\/\/www.iframe-system.com\/privacy-policy\/\">Datenschutzbestimmungen zu.<\/a><\/label><\/p>\n<p>    <input type=\"submit\" value=\"Senden\" class=\"wpcf7-form-control wpcf7-submit\" \/>\n<\/p><\/div>\n<div class=\"wpcf7-response-output\" aria-hidden=\"true\"><\/div><\/form><\/div>\n\n        <\/div>\n    <\/div>\n<\/section>\n\n<\/div><\/div>\n","protected":false},"excerpt":{"rendered":"","protected":false},"author":7,"featured_media":0,"parent":0,"menu_order":0,"comment_status":"closed","ping_status":"closed","template":"","meta":[],"yoast_head":"<!-- This site is optimized with the Yoast SEO plugin v15.2.1 - https:\/\/yoast.com\/wordpress\/plugins\/seo\/ -->\n<title>Kontakt - iFrame<\/title>\n<meta name=\"robots\" content=\"index, follow, max-snippet:-1, max-image-preview:large, max-video-preview:-1\" \/>\n<link rel=\"canonical\" href=\"https:\/\/www.iframe-system.com\/de\/kontakt\/\" \/>\n<meta property=\"og:locale\" content=\"de_DE\" \/>\n<meta property=\"og:type\" content=\"article\" \/>\n<meta property=\"og:title\" content=\"Kontakt - iFrame\" \/>\n<meta property=\"og:url\" content=\"https:\/\/www.iframe-system.com\/de\/kontakt\/\" \/>\n<meta property=\"og:site_name\" content=\"iFrame\" \/>\n<meta property=\"article:modified_time\" content=\"2020-11-25T10:37:17+00:00\" \/>\n<meta name=\"twitter:card\" content=\"summary\" \/>\n<meta name=\"twitter:label1\" content=\"Written by\">\n\t<meta name=\"twitter:data1\" content=\"Andrej\">\n\t<meta name=\"twitter:label2\" content=\"Est. reading time\">\n\t<meta name=\"twitter:data2\" content=\"2\u00a0Minuten\">\n<script type=\"application\/ld+json\" class=\"yoast-schema-graph\">{\"@context\":\"https:\/\/schema.org\",\"@graph\":[{\"@type\":\"WebSite\",\"@id\":\"https:\/\/www.iframe-system.com\/#website\",\"url\":\"https:\/\/www.iframe-system.com\/\",\"name\":\"iFrame\",\"description\":\"Frameless Doors and Windows\",\"potentialAction\":[{\"@type\":\"SearchAction\",\"target\":\"https:\/\/www.iframe-system.com\/?s={search_term_string}\",\"query-input\":\"required name=search_term_string\"}],\"inLanguage\":\"de\"},{\"@type\":\"WebPage\",\"@id\":\"https:\/\/www.iframe-system.com\/de\/kontakt\/#webpage\",\"url\":\"https:\/\/www.iframe-system.com\/de\/kontakt\/\",\"name\":\"Kontakt - iFrame\",\"isPartOf\":{\"@id\":\"https:\/\/www.iframe-system.com\/#website\"},\"datePublished\":\"2019-05-17T06:22:04+00:00\",\"dateModified\":\"2020-11-25T10:37:17+00:00\",\"inLanguage\":\"de\",\"potentialAction\":[{\"@type\":\"ReadAction\",\"target\":[\"https:\/\/www.iframe-system.com\/de\/kontakt\/\"]}]}]}<\/script>\n<!-- \/ Yoast SEO plugin. -->","_links":{"self":[{"href":"https:\/\/www.iframe-system.com\/de\/wp-json\/wp\/v2\/pages\/2346\/"}],"collection":[{"href":"https:\/\/www.iframe-system.com\/de\/wp-json\/wp\/v2\/pages\/"}],"about":[{"href":"https:\/\/www.iframe-system.com\/de\/wp-json\/wp\/v2\/types\/page\/"}],"author":[{"embeddable":true,"href":"https:\/\/www.iframe-system.com\/de\/wp-json\/wp\/v2\/users\/7\/"}],"replies":[{"embeddable":true,"href":"https:\/\/www.iframe-system.com\/de\/wp-json\/wp\/v2\/comments\/?post=2346"}],"version-history":[{"count":4,"href":"https:\/\/www.iframe-system.com\/de\/wp-json\/wp\/v2\/pages\/2346\/revisions\/"}],"predecessor-version":[{"id":3157,"href":"https:\/\/www.iframe-system.com\/de\/wp-json\/wp\/v2\/pages\/2346\/revisions\/3157\/"}],"wp:attachment":[{"href":"https:\/\/www.iframe-system.com\/de\/wp-json\/wp\/v2\/media\/?parent=2346"}],"curies":[{"name":"wp","href":"https:\/\/api.w.org\/{rel}","templated":true}]}}