{"id":2340,"date":"2017-10-06T15:06:44","date_gmt":"2017-10-06T15:06:44","guid":{"rendered":"https:\/\/www.iframe-system.com\/home\/"},"modified":"2019-06-18T15:16:56","modified_gmt":"2019-06-18T13:16:56","slug":"home","status":"publish","type":"page","link":"https:\/\/www.iframe-system.com\/de\/","title":{"rendered":"Home"},"content":{"rendered":"<\/div><\/div><\/div><!-- close content main div --><\/div><\/div><div id='hero-section' class='avia-section main_color avia-section-no-padding avia-no-border-styling avia-bg-style-scroll    container_wrap fullsize'   ><div class='container' ><div class='template-page content  av-content-full alpha units'><div class='post-entry post-entry-type-page post-entry-2340'><div class='entry-content-wrapper clearfix'>\n<div class=\"flex_column av_one_full  flex_column_div av-zero-column-padding first  hero-image \" style='background-image:url(https:\/\/www.iframe-system.com\/wp-content\/uploads\/2017\/10\/hero-image-front-iframe.jpg); background-position:center center; background-repeat:no-repeat; border-radius:0px; '><section class=\"av_textblock_section \"  itemscope=\"itemscope\" itemtype=\"https:\/\/schema.org\/CreativeWork\" ><div class='avia_textblock hero-title with-link home '   itemprop=\"text\" ><h1>Go big<\/h1>\n<h1>or go<\/h1>\n<h1>iFRAME<\/h1>\n<div class='avia-button-wrap avia-button-left  hero-learn-more'><a href='https:\/\/www.iframe-system.com\/de\/produkte\/' class='avia-button   avia-icon_select-yes-right-icon avia-color-theme-color avia-size-medium avia-position-left '   ><span class='avia_iconbox_title' >Erfahren Sie mehr<\/span><span class='avia_button_icon avia_button_icon_right' aria-hidden='true' data-av_icon='\ue879' data-av_iconfont='entypo-fontello'><\/span><\/a><\/div>\n<\/div><\/section><\/div>\n\n<\/div><\/div><\/div><!-- close content main div --><\/div><\/div><div id='explore-technology' class='avia-section main_color avia-section-no-padding avia-no-border-styling avia-bg-style-scroll    container_wrap fullsize'   ><div class='container' ><div class='template-page content  av-content-full alpha units'><div class='post-entry post-entry-type-page post-entry-2340'><div class='entry-content-wrapper clearfix'>\n<div class=\"flex_column av_one_fourth  no_margin av-break-at-tablet flex_column_div av-zero-column-padding first   \" style='border-radius:0px; '><section class=\"av_textblock_section \"  itemscope=\"itemscope\" itemtype=\"https:\/\/schema.org\/CreativeWork\" ><div class='avia_textblock technology-left '   itemprop=\"text\" ><h3>Endless limits<\/h3>\n<p><em>Da gibt es wirklich nur folgendes zu sagen. Ultra gross, ultra dramatisch und ultra d\u00fcnn<\/em>.<\/p>\n<\/div><\/section><\/div><div class=\"flex_column av_one_half  no_margin av-break-at-tablet flex_column_div av-zero-column-padding   technology-middle \" style='background-image:url(https:\/\/www.iframe-system.com\/wp-content\/uploads\/2017\/10\/living-room-iframe.jpg); background-position:center center; background-repeat:no-repeat; border-radius:0px; '><\/div><div class=\"flex_column av_one_fourth  no_margin av-break-at-tablet flex_column_div   technology-right \" style='padding:30px 0px 0px 4% ; border-radius:0px; '><section class=\"av_textblock_section \"  itemscope=\"itemscope\" itemtype=\"https:\/\/schema.org\/CreativeWork\" ><div class='avia_textblock  '   itemprop=\"text\" ><h3>iFRAME<\/h3>\n<p>Die rahmenlose Schiebet\u00fcr, die einen au\u00dfergew\u00f6hnlichen Wohntraum darstellt. Mit ihrem schwellenlosen \u00dcbergang hat jedes Glashaus eine neue Definition. Die Umgebung in ihrer Sch\u00f6nheit neu zu erleben \u2013 das ist iFRAME.<\/p>\n<a href=\"\/de\/produkte\/technologie\/\" class=\"btn-primary\"><span>ENTDECKE DIE TECHNOLOGIE<\/span><\/a>\n<\/div><\/section><\/div>\n\n<section class=\"av_textblock_section \"  itemscope=\"itemscope\" itemtype=\"https:\/\/schema.org\/CreativeWork\" ><div class='avia_textblock  '   itemprop=\"text\" ><div class=\"iframe-motto\"><p class=\"motto-text\">Die Umgebung in ihrer Sch\u00f6nheit neu zu erleben \u2013 das ist iFRAME.<\/p><\/div>\n<\/div><\/section>\n<\/div><\/div><\/div><!-- close content main div --><\/div><\/div><div id='recent-projects' class='avia-section main_color avia-section-no-padding avia-no-border-styling avia-bg-style-scroll    container_wrap fullsize'   ><div class='container' ><div class='template-page content  av-content-full alpha units'><div class='post-entry post-entry-type-page post-entry-2340'><div class='entry-content-wrapper clearfix'>\n<div class=\"flex_column av_one_half  flex_column_div av-zero-column-padding first  \" style='border-radius:0px; '><section class=\"av_textblock_section \"  itemscope=\"itemscope\" itemtype=\"https:\/\/schema.org\/CreativeWork\" ><div class='avia_textblock recent-projects left-padding '   itemprop=\"text\" ><h3>Aktuelle Projekte<\/h3>\n<\/div><\/section><\/div><div class=\"flex_column av_one_half  flex_column_div av-zero-column-padding   more-recent-projects desktop \" style='border-radius:0px; '><section class=\"av_textblock_section \"  itemscope=\"itemscope\" itemtype=\"https:\/\/schema.org\/CreativeWork\" ><div class='avia_textblock right-padding '   itemprop=\"text\" ><p><a href=\"\/de\/projekte-2\">Weitere Projekte <span class=\"av_font_icon avia_animate_when_visible  av-icon-style-  av-no-color avia-icon-pos-right \" style=\"\"><span class='av-icon-char' style='font-size:20px;line-height:20px;' aria-hidden='true' data-av_icon='\ue879' data-av_iconfont='entypo-fontello' ><\/span><\/span><\/a><\/p>\n<\/div><\/section><\/div><section class=\"av_textblock_section \"  itemscope=\"itemscope\" itemtype=\"https:\/\/schema.org\/CreativeWork\" ><div class='avia_textblock  '   itemprop=\"text\" ><div onclick=\"window.location='https:\/\/www.iframe-system.com\/de\/projects\/traditionelles-istrisches-hausan\/'\" class=\"one_half rec-project rec-project-3482\" style=\"background-image:url(https:\/\/www.iframe-system.com\/wp-content\/uploads\/2021\/02\/iframe-slovenija.jpg)\"><div class=\"project-title\"><div class=\"project-title-content\"><h3>Traditionelles istrisches Hausan<\/h3><a class=\"white\" href=\"https:\/\/www.iframe-system.com\/de\/projects\/traditionelles-istrisches-hausan\/\"><span class=\"arrow right white\">Projekte anzeigen<\/span><\/a><\/div><\/div><\/div><div onclick=\"window.location='https:\/\/www.iframe-system.com\/de\/projects\/familienhaus-in-der-naehe-von-celje\/'\" class=\"one_half rec-project rec-project-3254\" style=\"background-image:url(https:\/\/www.iframe-system.com\/wp-content\/uploads\/2021\/02\/kosnica_2.jpg)\"><div class=\"project-title\"><div class=\"project-title-content\"><h3>Familienhaus in der N\u00e4he von Celje<\/h3><a class=\"white\" href=\"https:\/\/www.iframe-system.com\/de\/projects\/familienhaus-in-der-naehe-von-celje\/\"><span class=\"arrow right white\">Projekte anzeigen<\/span><\/a><\/div><\/div><\/div>\n<\/div><\/section>\n<div class=\"flex_column av_one_half  flex_column_div av-zero-column-padding first  more-recent-projects mobile \" style='border-radius:0px; '><section class=\"av_textblock_section \"  itemscope=\"itemscope\" itemtype=\"https:\/\/schema.org\/CreativeWork\" ><div class='avia_textblock right-padding '   itemprop=\"text\" ><p><a href=\"\/de\/projekte-2\">Weitere Projekte <span class=\"av_font_icon avia_animate_when_visible  av-icon-style-  av-no-color avia-icon-pos-right \" style=\"\"><span class='av-icon-char' style='font-size:20px;line-height:20px;' aria-hidden='true' data-av_icon='\ue879' data-av_iconfont='entypo-fontello' ><\/span><\/span><\/a><\/p>\n<\/div><\/section><\/div><section class=\"av_textblock_section \"  itemscope=\"itemscope\" itemtype=\"https:\/\/schema.org\/CreativeWork\" ><div class='avia_textblock dream-window '   itemprop=\"text\" ><h3 style=\"text-align: center;\">Traumfenster schon gefunden?<\/h3>\n<p>Z\u00f6gern Sie nicht. Kontaktieren Sie uns und unser Team wird Ihnen bei der Wahl des rahmenlosen Fenster- und T\u00fcrsystems mit Rat und Unterst\u00fctzung zur Seite stehen.<\/p>\n<div class='avia-button-wrap avia-button-center  '><a href='\/de\/kontakt' class='avia-button   avia-icon_select-no avia-color-theme-color avia-size-large avia-position-center '   ><span class='avia_iconbox_title' >KONTAKT<\/span><\/a><\/div>\n<\/div><\/section>\n<section class=\"av_textblock_section \"  itemscope=\"itemscope\" itemtype=\"https:\/\/schema.org\/CreativeWork\" ><div class='avia_textblock  '   itemprop=\"text\" ><div class=\"company-advantages\"><h3 class=\"advantages-title\">Vorteile, die f\u00fcr sich sprechen<\/h3><div class=\"advantages-container\"><div class=\"first-column one_half\" style=\"background-image: url(\/wp-content\/uploads\/2017\/10\/advantages-iframe.png);\"><\/div><div class=\"second-column one_half\"><div class=\"one_half no-margin\"><div class=\"advantage\"><img class=\"adv-icon\" src=\"https:\/\/www.iframe-system.com\/wp-content\/uploads\/2017\/10\/prompt-response.png\"><p class=\"bold adv-title\">Rasche Antwort<\/p><p>Unsere rasche Antwort auf Ihre Anfragen.<\/p><\/div><\/div><div class=\"one_half no-margin\"><div class=\"advantage\"><img class=\"adv-icon\" src=\"https:\/\/www.iframe-system.com\/wp-content\/uploads\/2017\/10\/technical-documentation.png\"><p class=\"bold adv-title\">Technische Unterlagen<\/p><p>Unser technisches Team erstellt gerne alle technischen Unterlagen und ACAD-Zeichnungen.<\/p><\/div><\/div><div class=\"one_half no-margin\"><div class=\"advantage\"><img class=\"adv-icon\" src=\"https:\/\/www.iframe-system.com\/wp-content\/uploads\/2017\/10\/team-of-experts.png\"><p class=\"bold adv-title\">Das Expertenteam<\/p><p>Unser Expertenteam wird Sie gerne bei der Auswahl beraten und unterst\u00fctzen.<\/p><\/div><\/div><div class=\"one_half no-margin\"><div class=\"advantage\"><img class=\"adv-icon\" src=\"https:\/\/www.iframe-system.com\/wp-content\/uploads\/2017\/10\/years-of-experience.png\"><p class=\"bold adv-title\">Langj\u00e4hrige Erfahrung<\/p><p>Unsere Fenster und T\u00fcren werden von Montageteams mit mehrj\u00e4hriger Erfahrung montiert.<\/p><\/div><\/div><\/div><\/div><\/div>\n<\/div><\/section><\/p>\n<\/div><\/div><\/div><!-- close content main div --><\/div><\/div><div id='customer-testimonials' class='avia-section main_color avia-section-no-padding avia-no-border-styling avia-bg-style-scroll    container_wrap fullsize'   ><div class='container' ><div class='template-page content  av-content-full alpha units'><div class='post-entry post-entry-type-page post-entry-2340'><div class='entry-content-wrapper clearfix'>\n<section class=\"av_textblock_section \"  itemscope=\"itemscope\" itemtype=\"https:\/\/schema.org\/CreativeWork\" ><div class='avia_textblock  '   itemprop=\"text\" ><div class=\"customer-testimonials\"><h3>Kundenfeedback<\/h3><div class=\"testimonial-wrap\"><div class=\"testimonial\"><div class=\"customer-text\"><p class=\"bold\">Fritz Waclawek<\/p><p>iFRAME team made valuable contributions to the project in Austria through cooperative and efficient cooperation in planning and assembly, across national borders. The peculiarity of the request for plaster flush version of the facade has been met, the slim profiles match the creative economy of old buildings. Technical and safety requirements are optimally met, even that the high iFRAME doors are smooth and lockable.<\/p><\/div><\/div><div class=\"testimonial\"><img class=\"customer-image\" src=\"https:\/\/www.iframe-system.com\/wp-content\/uploads\/2017\/10\/Architects-in-charge-Marion-Kuzmany-and-Michael-Lisner.png\"><div class=\"customer-text\"><p class=\"bold\">Marion Kuzmany<\/p><p>We chose I Frame for our project Villa Golden Eye in the South of France because of \r\nthe attractive price and we appreciated the good cooperation of Simer company during the design process and on site.<\/p><\/div><\/div><div class=\"testimonial\"><div class=\"customer-text\"><p class=\"bold\">Fritz Waclawek<\/p><p>iFRAME team made valuable contributions to the project in Luxembourg. The spatially demanding execution planning was done perfectly on the basis of natural materials. By cooperative and efficient cooperation in planning and installation of iFRAME frameless sliding doors, the rapid and timely development has been made possible under time pressure. <\/p><\/div><\/div><\/div><\/div>\n<\/div><\/section>\n\n<\/div><\/div><\/div><!-- close content main div --><\/div><\/div><div id='latest-blog-posts' class='avia-section main_color avia-section-no-padding avia-no-border-styling avia-bg-style-scroll    container_wrap fullsize'   ><div class='container' ><div class='template-page content  av-content-full alpha units'><div class='post-entry post-entry-type-page post-entry-2340'><div class='entry-content-wrapper clearfix'>\n<section class=\"av_textblock_section \"  itemscope=\"itemscope\" itemtype=\"https:\/\/schema.org\/CreativeWork\" ><div class='avia_textblock  '   itemprop=\"text\" ><div class=\"latest-blog-posts\"><div class=\"latest-blog-top\"><h3>Neuigkeiten<\/h3><a class=\"more-news desktop\" href=\"\/news\">Weitere Neuigkeiten <span class=\"av-icon-char\" style=\"font-size:23px;line-height:20px;\" aria-hidden=\"true\" data-av_icon=\"\ue879\" data-av_iconfont=\"entypo-fontello\"><\/span> <\/a><\/div><div class=\"latest-blog-bottom\"><div class=\"latest-post one_third\"><a href=\"https:\/\/www.iframe-system.com\/de\/iframe-fliegengitter-von-centor\/\"><img src=\"https:\/\/www.iframe-system.com\/wp-content\/uploads\/2021\/03\/centor_enter-492x335.jpg\"><\/a><div class=\"bottom-text\"><p class=\"latest-post-date\">03.03.2021<\/p><a class=\"latest-post-title\" href=\"https:\/\/www.iframe-system.com\/de\/iframe-fliegengitter-von-centor\/\">iFRAME Fliegengitter von\u00a0CENTOR<\/a><p class=\"latest-post-excerpt\">iFRAME Fliegengitter von\u00a0CENTOR sind ein revolution\u00e4res Produkt.<\/p><a class=\"btn-primary\" href=\"https:\/\/www.iframe-system.com\/de\/iframe-fliegengitter-von-centor\/\">Weiter<\/a><\/div><\/div><div class=\"latest-post one_third\"><a href=\"https:\/\/www.iframe-system.com\/de\/pergola-for-modern-home-design\/\"><img src=\"https:\/\/www.iframe-system.com\/wp-content\/uploads\/2021\/02\/pergola_mala-492x335.jpg\"><\/a><div class=\"bottom-text\"><p class=\"latest-post-date\">12.02.2021<\/p><a class=\"latest-post-title\" href=\"https:\/\/www.iframe-system.com\/de\/pergola-for-modern-home-design\/\">Eine gro\u00dfe Pergola.<\/a><p class=\"latest-post-excerpt\">Ein neues, einzigartiges Projekt, das wir im Februar 2021 abgeschlossen haben.<\/p><a class=\"btn-primary\" href=\"https:\/\/www.iframe-system.com\/de\/pergola-for-modern-home-design\/\">Weiter<\/a><\/div><\/div><div class=\"latest-post one_third\"><a href=\"https:\/\/www.iframe-system.com\/de\/familienhaus-in-der-naehe-von-celje\/\"><img src=\"https:\/\/www.iframe-system.com\/wp-content\/uploads\/2021\/02\/kosnica_2-492x335.jpg\"><\/a><div class=\"bottom-text\"><p class=\"latest-post-date\">01.02.2021<\/p><a class=\"latest-post-title\" href=\"https:\/\/www.iframe-system.com\/de\/familienhaus-in-der-naehe-von-celje\/\">Familienhaus in der N\u00e4he von Celje<\/a><p class=\"latest-post-excerpt\">Fertigstellung: 2021<\/p><a class=\"btn-primary\" href=\"https:\/\/www.iframe-system.com\/de\/familienhaus-in-der-naehe-von-celje\/\">Weiter<\/a><\/div><\/div><a class=\"more-news mobile\" href=\"\/news\">Weitere Neuigkeiten <span class=\"av-icon-char\" style=\"font-size:23px;line-height:20px;\" aria-hidden=\"true\" data-av_icon=\"\ue879\" data-av_iconfont=\"entypo-fontello\"><\/span> <\/a><\/div><\/div>\n<\/div><\/section>\n\n","protected":false},"excerpt":{"rendered":"","protected":false},"author":2,"featured_media":0,"parent":0,"menu_order":0,"comment_status":"closed","ping_status":"closed","template":"","meta":[],"yoast_head":"<!-- This site is optimized with the Yoast SEO plugin v15.2.1 - https:\/\/yoast.com\/wordpress\/plugins\/seo\/ -->\n<title>iFrame - rahmenlose Fenster und T\u00fcren<\/title>\n<meta name=\"description\" content=\"Wir produzieren hochwertige rahmenlose Fenster und T\u00fcren. Unser unsichtbares Rahmensystem ist das Ergebnis unserer \u00fcber 27-j\u00e4hriger Gesch\u00e4ftserfahrung.\" \/>\n<meta name=\"robots\" content=\"index, follow, max-snippet:-1, max-image-preview:large, max-video-preview:-1\" \/>\n<link rel=\"canonical\" href=\"https:\/\/www.iframe-system.com\/de\/\" \/>\n<meta property=\"og:locale\" content=\"de_DE\" \/>\n<meta property=\"og:type\" content=\"article\" \/>\n<meta property=\"og:title\" content=\"iFrame - rahmenlose Fenster und T\u00fcren\" \/>\n<meta property=\"og:description\" content=\"Wir produzieren hochwertige rahmenlose Fenster und T\u00fcren. Unser unsichtbares Rahmensystem ist das Ergebnis unserer \u00fcber 27-j\u00e4hriger Gesch\u00e4ftserfahrung.\" \/>\n<meta property=\"og:url\" content=\"https:\/\/www.iframe-system.com\/de\/\" \/>\n<meta property=\"og:site_name\" content=\"iFrame\" \/>\n<meta property=\"article:modified_time\" content=\"2019-06-18T13:16:56+00:00\" \/>\n<meta name=\"twitter:card\" content=\"summary\" \/>\n<meta name=\"twitter:label1\" content=\"Written by\">\n\t<meta name=\"twitter:data1\" content=\"Anze\">\n\t<meta name=\"twitter:label2\" content=\"Est. reading time\">\n\t<meta name=\"twitter:data2\" content=\"6\u00a0Minuten\">\n<script type=\"application\/ld+json\" class=\"yoast-schema-graph\">{\"@context\":\"https:\/\/schema.org\",\"@graph\":[{\"@type\":\"WebSite\",\"@id\":\"https:\/\/www.iframe-system.com\/#website\",\"url\":\"https:\/\/www.iframe-system.com\/\",\"name\":\"iFrame\",\"description\":\"Frameless Doors and Windows\",\"potentialAction\":[{\"@type\":\"SearchAction\",\"target\":\"https:\/\/www.iframe-system.com\/?s={search_term_string}\",\"query-input\":\"required name=search_term_string\"}],\"inLanguage\":\"de\"},{\"@type\":\"WebPage\",\"@id\":\"https:\/\/www.iframe-system.com\/de\/#webpage\",\"url\":\"https:\/\/www.iframe-system.com\/de\/\",\"name\":\"iFrame - rahmenlose Fenster und T\\u00fcren\",\"isPartOf\":{\"@id\":\"https:\/\/www.iframe-system.com\/#website\"},\"datePublished\":\"2017-10-06T15:06:44+00:00\",\"dateModified\":\"2019-06-18T13:16:56+00:00\",\"description\":\"Wir produzieren hochwertige rahmenlose Fenster und T\\u00fcren. Unser unsichtbares Rahmensystem ist das Ergebnis unserer \\u00fcber 27-j\\u00e4hriger Gesch\\u00e4ftserfahrung.\",\"inLanguage\":\"de\",\"potentialAction\":[{\"@type\":\"ReadAction\",\"target\":[\"https:\/\/www.iframe-system.com\/de\/\"]}]}]}<\/script>\n<!-- \/ Yoast SEO plugin. -->","_links":{"self":[{"href":"https:\/\/www.iframe-system.com\/de\/wp-json\/wp\/v2\/pages\/2340\/"}],"collection":[{"href":"https:\/\/www.iframe-system.com\/de\/wp-json\/wp\/v2\/pages\/"}],"about":[{"href":"https:\/\/www.iframe-system.com\/de\/wp-json\/wp\/v2\/types\/page\/"}],"author":[{"embeddable":true,"href":"https:\/\/www.iframe-system.com\/de\/wp-json\/wp\/v2\/users\/2\/"}],"replies":[{"embeddable":true,"href":"https:\/\/www.iframe-system.com\/de\/wp-json\/wp\/v2\/comments\/?post=2340"}],"version-history":[{"count":20,"href":"https:\/\/www.iframe-system.com\/de\/wp-json\/wp\/v2\/pages\/2340\/revisions\/"}],"predecessor-version":[{"id":3106,"href":"https:\/\/www.iframe-system.com\/de\/wp-json\/wp\/v2\/pages\/2340\/revisions\/3106\/"}],"wp:attachment":[{"href":"https:\/\/www.iframe-system.com\/de\/wp-json\/wp\/v2\/media\/?parent=2340"}],"curies":[{"name":"wp","href":"https:\/\/api.w.org\/{rel}","templated":true}]}}